{"id":136,"date":"2024-01-16T18:25:10","date_gmt":"2024-01-16T18:25:10","guid":{"rendered":"https:\/\/emer-mgmt.com\/?page_id=136"},"modified":"2025-05-18T13:29:16","modified_gmt":"2025-05-18T13:29:16","slug":"cieniu","status":"publish","type":"page","link":"https:\/\/emer-mgmt.com\/index.php\/cieniu\/","title":{"rendered":"CIENIU"},"content":{"rendered":"\n<div class=\"wp-block-columns is-layout-flex wp-container-core-columns-is-layout-28f84493 wp-block-columns-is-layout-flex\">\n<div class=\"wp-block-column is-vertically-aligned-center is-layout-flow wp-block-column-is-layout-flow\">\n<div class=\"wp-block-cover is-light\" style=\"min-height:430px;aspect-ratio:unset;\"><img loading=\"lazy\" decoding=\"async\" width=\"1689\" height=\"1702\" class=\"wp-block-cover__image-background wp-image-73\" alt=\"\" src=\"http:\/\/emer-mgmt.com\/wp-content\/uploads\/2024\/01\/4-scaled-e1705353348646.jpg\" data-object-fit=\"cover\" srcset=\"https:\/\/emer-mgmt.com\/wp-content\/uploads\/2024\/01\/4-scaled-e1705353348646.jpg 1689w, https:\/\/emer-mgmt.com\/wp-content\/uploads\/2024\/01\/4-scaled-e1705353348646-298x300.jpg 298w, https:\/\/emer-mgmt.com\/wp-content\/uploads\/2024\/01\/4-scaled-e1705353348646-1016x1024.jpg 1016w, https:\/\/emer-mgmt.com\/wp-content\/uploads\/2024\/01\/4-scaled-e1705353348646-150x150.jpg 150w, https:\/\/emer-mgmt.com\/wp-content\/uploads\/2024\/01\/4-scaled-e1705353348646-768x774.jpg 768w, https:\/\/emer-mgmt.com\/wp-content\/uploads\/2024\/01\/4-scaled-e1705353348646-1524x1536.jpg 1524w\" sizes=\"auto, (max-width: 1689px) 100vw, 1689px\" \/><span aria-hidden=\"true\" class=\"wp-block-cover__background has-background-dim-0 has-background-dim\"><\/span><div class=\"wp-block-cover__inner-container has-global-padding is-layout-constrained wp-block-cover-is-layout-constrained\">\n<p class=\"has-text-align-center has-large-font-size\"><\/p>\n<\/div><\/div>\n<\/div>\n\n\n\n<div class=\"wp-block-column is-layout-flow wp-block-column-is-layout-flow\">\n<div class=\"wp-block-cover is-light\"><span aria-hidden=\"true\" class=\"wp-block-cover__background has-background-dim\"><\/span><div class=\"wp-block-cover__inner-container has-global-padding is-layout-constrained wp-block-cover-is-layout-constrained\">\n<p class=\"has-white-color has-text-color has-link-color has-x-small-font-size wp-elements-4e496bffebc263a35ce7782d2d770a0f\"><strong>Cieniu<\/strong> to artysta okrzykni\u0119ty przez grono swoich odbiorc\u00f3w polskim Rag&#8217;n&#8217;bone Manem, przez swoj\u0105 charakterystyczn\u0105 barw\u0119 g\u0142osu, wygl\u0105d i usposobienie na scenie. Da\u0142 si\u0119 pozna\u0107 szerszej publiczno\u015bci w 11. edycji The Voice of Poland, w kt\u00f3rej zachwyci\u0142 juror\u00f3w nie tylko g\u0142osem, ale tak\u017ce charyzm\u0105 i energi\u0105 sceniczn\u0105. Od 2023 roku cz\u0142onek zespo\u0142u Jamal, w kt\u00f3rym \u015bpiewa, gra na gitarze oraz instrumentach perkusyjnych.<\/p>\n\n\n\n<p class=\"has-white-color has-text-color has-link-color has-x-small-font-size wp-elements-c1d064765600fbd253883a3a0b5fc2d6\">Kierunek muzyczny, w kt\u00f3rym pod\u0105\u017ca Cieniu to pe\u0142ne osobistych emocji po\u0142\u0105czenie muzyki nowoczesnej z organiczn\u0105, wr\u0119cz bluesow\u0105 ekspresj\u0105.<\/p>\n\n\n\n<div class=\"wp-block-buttons is-content-justification-center is-layout-flex wp-container-core-buttons-is-layout-a89b3969 wp-block-buttons-is-layout-flex\">\n<div class=\"wp-block-button is-style-outline is-style-outline--1\"><a class=\"wp-block-button__link has-white-color has-text-color has-link-color wp-element-button\" href=\"https:\/\/linktr.ee\/_cieniu_\" target=\"_blank\" rel=\"noreferrer noopener\">SPRAWD\u0179<\/a><\/div>\n<\/div>\n<\/div><\/div>\n<\/div>\n<\/div>\n\n\n\n<div class=\"wp-block-group has-global-padding is-layout-constrained wp-block-group-is-layout-constrained\">\n<div class=\"wp-block-group is-layout-flow wp-block-group-is-layout-flow\">\n<div style=\"height:15px\" aria-hidden=\"true\" class=\"wp-block-spacer\"><\/div>\n\n\n\n<div class=\"wp-block-columns is-layout-flex wp-container-core-columns-is-layout-28f84493 wp-block-columns-is-layout-flex\">\n<div class=\"wp-block-column is-style-default is-layout-flow wp-block-column-is-layout-flow\" style=\"border-style:none;border-width:0px;padding-top:0;padding-right:0;padding-bottom:0;padding-left:0\">\n<figure class=\"wp-block-image size-full\"><img decoding=\"async\" src=\"http:\/\/emer-mgmt.com\/wp-content\/uploads\/2024\/01\/12-1-scaled.jpg\" alt=\"\" class=\"wp-image-139\" style=\"aspect-ratio:2\/3;object-fit:cover\"\/><\/figure>\n<\/div>\n\n\n\n<div class=\"wp-block-column is-style-default is-layout-flow wp-block-column-is-layout-flow\" style=\"border-style:none;border-width:0px;padding-top:0;padding-right:0;padding-bottom:0;padding-left:0\">\n<figure class=\"wp-block-image size-full\"><img loading=\"lazy\" decoding=\"async\" width=\"1707\" height=\"2560\" src=\"http:\/\/emer-mgmt.com\/wp-content\/uploads\/2024\/01\/13-scaled.jpg\" alt=\"\" class=\"wp-image-138\" style=\"aspect-ratio:2\/3;object-fit:cover\" srcset=\"https:\/\/emer-mgmt.com\/wp-content\/uploads\/2024\/01\/13-scaled.jpg 1707w, https:\/\/emer-mgmt.com\/wp-content\/uploads\/2024\/01\/13-200x300.jpg 200w, https:\/\/emer-mgmt.com\/wp-content\/uploads\/2024\/01\/13-683x1024.jpg 683w, https:\/\/emer-mgmt.com\/wp-content\/uploads\/2024\/01\/13-2000x3000.jpg 2000w\" sizes=\"auto, (max-width: 1707px) 100vw, 1707px\" \/><\/figure>\n<\/div>\n\n\n\n<div class=\"wp-block-column is-style-default is-layout-flow wp-block-column-is-layout-flow\" style=\"border-style:none;border-width:0px;padding-top:0;padding-right:0;padding-bottom:0;padding-left:0\">\n<figure class=\"wp-block-image size-full\"><img loading=\"lazy\" decoding=\"async\" width=\"4480\" height=\"6272\" src=\"http:\/\/emer-mgmt.com\/wp-content\/uploads\/2024\/01\/5.png\" alt=\"\" class=\"wp-image-137\" style=\"aspect-ratio:2\/3;object-fit:cover\" srcset=\"https:\/\/emer-mgmt.com\/wp-content\/uploads\/2024\/01\/5.png 4480w, https:\/\/emer-mgmt.com\/wp-content\/uploads\/2024\/01\/5-214x300.png 214w, https:\/\/emer-mgmt.com\/wp-content\/uploads\/2024\/01\/5-731x1024.png 731w, https:\/\/emer-mgmt.com\/wp-content\/uploads\/2024\/01\/5-2000x2800.png 2000w\" sizes=\"auto, (max-width: 4480px) 100vw, 4480px\" \/><\/figure>\n<\/div>\n<\/div>\n\n\n\n<div style=\"height:0px\" aria-hidden=\"true\" class=\"wp-block-spacer\"><\/div>\n\n\n\n<div class=\"wp-block-columns is-layout-flex wp-container-core-columns-is-layout-28f84493 wp-block-columns-is-layout-flex\">\n<div class=\"wp-block-column is-style-default is-layout-flow wp-block-column-is-layout-flow\" style=\"border-style:none;border-width:0px;padding-top:0;padding-right:0;padding-bottom:0;padding-left:0\">\n<figure class=\"wp-block-image size-full\"><img loading=\"lazy\" decoding=\"async\" width=\"1829\" height=\"2560\" src=\"http:\/\/emer-mgmt.com\/wp-content\/uploads\/2024\/01\/6-scaled.jpg\" alt=\"\" class=\"wp-image-195\" style=\"aspect-ratio:2\/3;object-fit:cover\" srcset=\"https:\/\/emer-mgmt.com\/wp-content\/uploads\/2024\/01\/6-scaled.jpg 1829w, https:\/\/emer-mgmt.com\/wp-content\/uploads\/2024\/01\/6-214x300.jpg 214w, https:\/\/emer-mgmt.com\/wp-content\/uploads\/2024\/01\/6-731x1024.jpg 731w, https:\/\/emer-mgmt.com\/wp-content\/uploads\/2024\/01\/6-2000x2800.jpg 2000w\" sizes=\"auto, (max-width: 1829px) 100vw, 1829px\" \/><\/figure>\n<\/div>\n\n\n\n<div class=\"wp-block-column is-style-default is-layout-flow wp-block-column-is-layout-flow\" style=\"border-style:none;border-width:0px;padding-top:0;padding-right:0;padding-bottom:0;padding-left:0\">\n<figure class=\"wp-block-image size-full\"><img loading=\"lazy\" decoding=\"async\" width=\"1920\" height=\"2560\" src=\"http:\/\/emer-mgmt.com\/wp-content\/uploads\/2024\/01\/DJI_20230816_140312_902-scaled.jpg\" alt=\"\" class=\"wp-image-194\" style=\"aspect-ratio:2\/3;object-fit:cover\" srcset=\"https:\/\/emer-mgmt.com\/wp-content\/uploads\/2024\/01\/DJI_20230816_140312_902-scaled.jpg 1920w, https:\/\/emer-mgmt.com\/wp-content\/uploads\/2024\/01\/DJI_20230816_140312_902-225x300.jpg 225w, https:\/\/emer-mgmt.com\/wp-content\/uploads\/2024\/01\/DJI_20230816_140312_902-768x1024.jpg 768w, https:\/\/emer-mgmt.com\/wp-content\/uploads\/2024\/01\/DJI_20230816_140312_902-2000x2667.jpg 2000w\" sizes=\"auto, (max-width: 1920px) 100vw, 1920px\" \/><\/figure>\n<\/div>\n\n\n\n<div class=\"wp-block-column is-style-default is-layout-flow wp-block-column-is-layout-flow\" style=\"border-style:none;border-width:0px;padding-top:0;padding-right:0;padding-bottom:0;padding-left:0\">\n<figure class=\"wp-block-image size-full\"><img loading=\"lazy\" decoding=\"async\" width=\"3840\" height=\"2160\" src=\"http:\/\/emer-mgmt.com\/wp-content\/uploads\/2024\/01\/IMG_5031.png\" alt=\"\" class=\"wp-image-197\" style=\"aspect-ratio:2\/3;object-fit:cover\" srcset=\"https:\/\/emer-mgmt.com\/wp-content\/uploads\/2024\/01\/IMG_5031.png 3840w, https:\/\/emer-mgmt.com\/wp-content\/uploads\/2024\/01\/IMG_5031-300x169.png 300w, https:\/\/emer-mgmt.com\/wp-content\/uploads\/2024\/01\/IMG_5031-1024x576.png 1024w, https:\/\/emer-mgmt.com\/wp-content\/uploads\/2024\/01\/IMG_5031-2000x1125.png 2000w\" sizes=\"auto, (max-width: 3840px) 100vw, 3840px\" \/><\/figure>\n<\/div>\n<\/div>\n\n\n\n<div style=\"height:32px\" aria-hidden=\"true\" class=\"wp-block-spacer\"><\/div>\n<\/div>\n\n\n\n<div style=\"height:1px\" aria-hidden=\"true\" class=\"wp-block-spacer\"><\/div>\n<\/div>\n\n\n\n<div class=\"wp-block-group alignfull has-background has-global-padding is-layout-constrained wp-block-group-is-layout-constrained\" style=\"background-color:#f8f8f8;padding-top:var(--wp--preset--spacing--small);padding-bottom:var(--wp--preset--spacing--small)\">\n<div class=\"wp-block-columns is-layout-flex wp-container-core-columns-is-layout-7db7aa3e wp-block-columns-is-layout-flex\" style=\"padding-right:0;padding-left:0\">\n<div class=\"wp-block-column is-vertically-aligned-center has-white-color has-text-color has-link-color wp-elements-6eb414837164c5035b982114443170ad is-layout-flow wp-block-column-is-layout-flow\">\n<p class=\"has-text-align-center has-foreground-color has-text-color has-link-color wp-elements-7b3bbaf7b61dd880d42fc827f88a6499\"><br>Cieniu &#8220;ONA&#8221; &#8211; najnowszy singiel inspirowany oldschoolowym funkiem lat 70. &#8220;Ona&#8221; to pot\u0119\u017cna dawka energii w wo\u0142aniu o prawo do bycia autentycznym, bez wzgl\u0119du na presj\u0119 idealnego wizerunku kreowanego w mediach spo\u0142eczno\u015bciowych, materialny sukces czy ci\u0105g\u0142e d\u0105\u017cenie do zadowolenia innych.<br><\/p>\n\n\n\n<div class=\"wp-block-buttons is-horizontal is-content-justification-center is-layout-flex wp-container-core-buttons-is-layout-03627597 wp-block-buttons-is-layout-flex\">\n<div class=\"wp-block-button is-style-outline is-style-outline--2\"><a class=\"wp-block-button__link has-white-color has-primary-background-color has-text-color has-background has-link-color wp-element-button\" href=\"https:\/\/www.youtube.com\/watch?v=rwag1VoJFVk\" target=\"_blank\" rel=\"noreferrer noopener\">POS\u0141UCHAJ<\/a><\/div>\n<\/div>\n<\/div>\n\n\n\n<div class=\"wp-block-column is-vertically-aligned-center is-layout-flow wp-block-column-is-layout-flow\">\n<figure class=\"wp-block-embed aligncenter is-type-video is-provider-youtube wp-block-embed-youtube wp-embed-aspect-16-9 wp-has-aspect-ratio\"><div class=\"wp-block-embed__wrapper\">\n<iframe loading=\"lazy\" title=\"Cieniu - Ona (Official Music Video)\" width=\"950\" height=\"534\" src=\"https:\/\/www.youtube.com\/embed\/rwag1VoJFVk?feature=oembed\" frameborder=\"0\" allow=\"accelerometer; autoplay; clipboard-write; encrypted-media; gyroscope; picture-in-picture; web-share\" referrerpolicy=\"strict-origin-when-cross-origin\" allowfullscreen><\/iframe>\n<\/div><\/figure>\n<\/div>\n<\/div>\n<\/div>\n\n\n\n<div class=\"wp-block-group has-global-padding is-layout-constrained wp-block-group-is-layout-constrained\">\n<div style=\"height:10px\" aria-hidden=\"true\" class=\"wp-block-spacer\"><\/div>\n\n\n\n<h2 class=\"wp-block-heading has-text-align-center has-medium-font-size\" style=\"letter-spacing:1px\">SPRAWD\u0179 CO NOWEGO U CIENIA!<\/h2>\n\n\n\n<ul class=\"wp-block-social-links has-large-icon-size is-content-justification-center is-layout-flex wp-container-core-social-links-is-layout-a89b3969 wp-block-social-links-is-layout-flex\"><li class=\"wp-social-link wp-social-link-instagram  wp-block-social-link\"><a rel=\"noopener nofollow\" target=\"_blank\" href=\"https:\/\/www.instagram.com\/_cieniu_\/\" class=\"wp-block-social-link-anchor\"><svg width=\"24\" height=\"24\" viewBox=\"0 0 24 24\" version=\"1.1\" xmlns=\"http:\/\/www.w3.org\/2000\/svg\" aria-hidden=\"true\" focusable=\"false\"><path d=\"M12,4.622c2.403,0,2.688,0.009,3.637,0.052c0.877,0.04,1.354,0.187,1.671,0.31c0.42,0.163,0.72,0.358,1.035,0.673 c0.315,0.315,0.51,0.615,0.673,1.035c0.123,0.317,0.27,0.794,0.31,1.671c0.043,0.949,0.052,1.234,0.052,3.637 s-0.009,2.688-0.052,3.637c-0.04,0.877-0.187,1.354-0.31,1.671c-0.163,0.42-0.358,0.72-0.673,1.035 c-0.315,0.315-0.615,0.51-1.035,0.673c-0.317,0.123-0.794,0.27-1.671,0.31c-0.949,0.043-1.233,0.052-3.637,0.052 s-2.688-0.009-3.637-0.052c-0.877-0.04-1.354-0.187-1.671-0.31c-0.42-0.163-0.72-0.358-1.035-0.673 c-0.315-0.315-0.51-0.615-0.673-1.035c-0.123-0.317-0.27-0.794-0.31-1.671C4.631,14.688,4.622,14.403,4.622,12 s0.009-2.688,0.052-3.637c0.04-0.877,0.187-1.354,0.31-1.671c0.163-0.42,0.358-0.72,0.673-1.035 c0.315-0.315,0.615-0.51,1.035-0.673c0.317-0.123,0.794-0.27,1.671-0.31C9.312,4.631,9.597,4.622,12,4.622 M12,3 C9.556,3,9.249,3.01,8.289,3.054C7.331,3.098,6.677,3.25,6.105,3.472C5.513,3.702,5.011,4.01,4.511,4.511 c-0.5,0.5-0.808,1.002-1.038,1.594C3.25,6.677,3.098,7.331,3.054,8.289C3.01,9.249,3,9.556,3,12c0,2.444,0.01,2.751,0.054,3.711 c0.044,0.958,0.196,1.612,0.418,2.185c0.23,0.592,0.538,1.094,1.038,1.594c0.5,0.5,1.002,0.808,1.594,1.038 c0.572,0.222,1.227,0.375,2.185,0.418C9.249,20.99,9.556,21,12,21s2.751-0.01,3.711-0.054c0.958-0.044,1.612-0.196,2.185-0.418 c0.592-0.23,1.094-0.538,1.594-1.038c0.5-0.5,0.808-1.002,1.038-1.594c0.222-0.572,0.375-1.227,0.418-2.185 C20.99,14.751,21,14.444,21,12s-0.01-2.751-0.054-3.711c-0.044-0.958-0.196-1.612-0.418-2.185c-0.23-0.592-0.538-1.094-1.038-1.594 c-0.5-0.5-1.002-0.808-1.594-1.038c-0.572-0.222-1.227-0.375-2.185-0.418C14.751,3.01,14.444,3,12,3L12,3z M12,7.378 c-2.552,0-4.622,2.069-4.622,4.622S9.448,16.622,12,16.622s4.622-2.069,4.622-4.622S14.552,7.378,12,7.378z M12,15 c-1.657,0-3-1.343-3-3s1.343-3,3-3s3,1.343,3,3S13.657,15,12,15z M16.804,6.116c-0.596,0-1.08,0.484-1.08,1.08 s0.484,1.08,1.08,1.08c0.596,0,1.08-0.484,1.08-1.08S17.401,6.116,16.804,6.116z\"><\/path><\/svg><span class=\"wp-block-social-link-label screen-reader-text\">Instagram<\/span><\/a><\/li>\n\n<li class=\"wp-social-link wp-social-link-facebook  wp-block-social-link\"><a rel=\"noopener nofollow\" target=\"_blank\" href=\"https:\/\/www.facebook.com\/cieniuofficial\" class=\"wp-block-social-link-anchor\"><svg width=\"24\" height=\"24\" viewBox=\"0 0 24 24\" version=\"1.1\" xmlns=\"http:\/\/www.w3.org\/2000\/svg\" aria-hidden=\"true\" focusable=\"false\"><path d=\"M12 2C6.5 2 2 6.5 2 12c0 5 3.7 9.1 8.4 9.9v-7H7.9V12h2.5V9.8c0-2.5 1.5-3.9 3.8-3.9 1.1 0 2.2.2 2.2.2v2.5h-1.3c-1.2 0-1.6.8-1.6 1.6V12h2.8l-.4 2.9h-2.3v7C18.3 21.1 22 17 22 12c0-5.5-4.5-10-10-10z\"><\/path><\/svg><span class=\"wp-block-social-link-label screen-reader-text\">Facebook<\/span><\/a><\/li>\n\n<li class=\"wp-social-link wp-social-link-tiktok  wp-block-social-link\"><a rel=\"noopener nofollow\" target=\"_blank\" href=\"https:\/\/www.tiktok.com\/@cieniumusic\" class=\"wp-block-social-link-anchor\"><svg width=\"24\" height=\"24\" viewBox=\"0 0 32 32\" version=\"1.1\" xmlns=\"http:\/\/www.w3.org\/2000\/svg\" aria-hidden=\"true\" focusable=\"false\"><path d=\"M16.708 0.027c1.745-0.027 3.48-0.011 5.213-0.027 0.105 2.041 0.839 4.12 2.333 5.563 1.491 1.479 3.6 2.156 5.652 2.385v5.369c-1.923-0.063-3.855-0.463-5.6-1.291-0.76-0.344-1.468-0.787-2.161-1.24-0.009 3.896 0.016 7.787-0.025 11.667-0.104 1.864-0.719 3.719-1.803 5.255-1.744 2.557-4.771 4.224-7.88 4.276-1.907 0.109-3.812-0.411-5.437-1.369-2.693-1.588-4.588-4.495-4.864-7.615-0.032-0.667-0.043-1.333-0.016-1.984 0.24-2.537 1.495-4.964 3.443-6.615 2.208-1.923 5.301-2.839 8.197-2.297 0.027 1.975-0.052 3.948-0.052 5.923-1.323-0.428-2.869-0.308-4.025 0.495-0.844 0.547-1.485 1.385-1.819 2.333-0.276 0.676-0.197 1.427-0.181 2.145 0.317 2.188 2.421 4.027 4.667 3.828 1.489-0.016 2.916-0.88 3.692-2.145 0.251-0.443 0.532-0.896 0.547-1.417 0.131-2.385 0.079-4.76 0.095-7.145 0.011-5.375-0.016-10.735 0.025-16.093z\" \/><\/svg><span class=\"wp-block-social-link-label screen-reader-text\">TikTok<\/span><\/a><\/li>\n\n<li class=\"wp-social-link wp-social-link-youtube  wp-block-social-link\"><a rel=\"noopener nofollow\" target=\"_blank\" href=\"https:\/\/www.youtube.com\/@_cieniu_\" class=\"wp-block-social-link-anchor\"><svg width=\"24\" height=\"24\" viewBox=\"0 0 24 24\" version=\"1.1\" xmlns=\"http:\/\/www.w3.org\/2000\/svg\" aria-hidden=\"true\" focusable=\"false\"><path d=\"M21.8,8.001c0,0-0.195-1.378-0.795-1.985c-0.76-0.797-1.613-0.801-2.004-0.847c-2.799-0.202-6.997-0.202-6.997-0.202 h-0.009c0,0-4.198,0-6.997,0.202C4.608,5.216,3.756,5.22,2.995,6.016C2.395,6.623,2.2,8.001,2.2,8.001S2,9.62,2,11.238v1.517 c0,1.618,0.2,3.237,0.2,3.237s0.195,1.378,0.795,1.985c0.761,0.797,1.76,0.771,2.205,0.855c1.6,0.153,6.8,0.201,6.8,0.201 s4.203-0.006,7.001-0.209c0.391-0.047,1.243-0.051,2.004-0.847c0.6-0.607,0.795-1.985,0.795-1.985s0.2-1.618,0.2-3.237v-1.517 C22,9.62,21.8,8.001,21.8,8.001z M9.935,14.594l-0.001-5.62l5.404,2.82L9.935,14.594z\"><\/path><\/svg><span class=\"wp-block-social-link-label screen-reader-text\">YouTube<\/span><\/a><\/li><\/ul>\n\n\n\n<div style=\"height:25px\" aria-hidden=\"true\" class=\"wp-block-spacer\"><\/div>\n<\/div>\n\n\n\n<div class=\"wp-block-group alignfull has-background has-global-padding is-layout-constrained wp-block-group-is-layout-constrained\" style=\"background-color:#f8f8f8\">\n<div class=\"wp-block-group has-global-padding is-layout-constrained wp-block-group-is-layout-constrained\" style=\"padding-top:0;padding-bottom:0\">\n<div style=\"height:2px\" aria-hidden=\"true\" class=\"wp-block-spacer\"><\/div>\n\n\n\n<div class=\"wp-block-columns is-layout-flex wp-container-core-columns-is-layout-c375d253 wp-block-columns-is-layout-flex\">\n<div class=\"wp-block-column has-x-small-font-size is-layout-flow wp-block-column-is-layout-flow\">\n<div class=\"wp-block-cover aligncenter is-light\"><img decoding=\"async\" class=\"wp-block-cover__image-background wp-image-401\" alt=\"\" src=\"http:\/\/emer-mgmt.com\/wp-content\/uploads\/2024\/01\/382232812_18372727177067207_839937578076103765_n.jpg\" style=\"object-position:54% 38%\" data-object-fit=\"cover\" data-object-position=\"54% 38%\"\/><span aria-hidden=\"true\" class=\"wp-block-cover__background has-background-dim-0 has-background-dim\"><\/span><div class=\"wp-block-cover__inner-container is-layout-flow wp-block-cover-is-layout-flow\">\n<p class=\"has-text-align-center has-large-font-size\"><\/p>\n<\/div><\/div>\n<\/div>\n\n\n\n<div class=\"wp-block-column is-vertically-aligned-center is-layout-flow wp-block-column-is-layout-flow\">\n<h2 class=\"wp-block-heading has-medium-font-size\" style=\"text-transform:uppercase\"><\/h2>\n\n\n\n<p class=\"has-x-small-font-size\">Ka\u017cdy koncert Cienia w towarzystwie topowych polskich muzyk\u00f3w to przejmuj\u0105ce, bardzo dynamiczne i pe\u0142ne pozytywnych energii wydarzenie, kt\u00f3re sprawi, \u017ce sp\u0119dzony czas b\u0119dzie wyj\u0105tkowy i niezapomniany na d\u0142u\u017cej. Repertuar Artysty to najwi\u0119ksze przeboje muzyki mi\u0119dzynarodowej.<\/p>\n\n\n\n<div class=\"wp-block-buttons is-content-justification-center is-layout-flex wp-container-core-buttons-is-layout-a89b3969 wp-block-buttons-is-layout-flex\">\n<div class=\"wp-block-button is-style-outline is-style-outline--3\"><a class=\"wp-block-button__link wp-element-button\" href=\"https:\/\/www.youtube.com\/@_cieniu_\" style=\"border-radius:0px\" target=\"_blank\" rel=\"noreferrer noopener\">POS\u0141UCHAJ<\/a><\/div>\n<\/div>\n<\/div>\n<\/div>\n\n\n\n<div style=\"height:15px\" aria-hidden=\"true\" class=\"wp-block-spacer\"><\/div>\n<\/div>\n<\/div>\n\n\n\n<div class=\"wp-block-cover alignfull has-parallax is-position-center-center wp-duotone-unset-5\" style=\"border-radius:0px\"><div class=\"wp-block-cover__image-background wp-image-28 has-parallax\" style=\"background-position:50% 50%;background-image:url(http:\/\/emer-mgmt.com\/wp-content\/uploads\/2024\/01\/cropped-88EEF7CF-411F-4306-80D4-65C4418B34F0-1.jpg)\"><\/div><span aria-hidden=\"true\" class=\"wp-block-cover__background has-black-background-color has-background-dim-40 has-background-dim\"><\/span><div class=\"wp-block-cover__inner-container is-layout-flow wp-block-cover-is-layout-flow\">\n<div class=\"wp-block-group has-global-padding is-layout-constrained wp-block-group-is-layout-constrained\">\n<h3 class=\"wp-block-heading has-text-align-center has-text-color has-medium-font-size\" style=\"color:#fffffa;text-transform:uppercase\">LET&#8217;S CONNECT!<\/h3>\n\n\n\n<p class=\"has-text-align-center\">Oferujemy pe\u0142ne wsparcie organizacyjne i elastyczno\u015b\u0107 dostosowania do Waszych potrzeb i wymaga\u0144 klient\u00f3w. <br>Pozw\u00f3lcie, \u017ce razem stworzymy niezapomniane wydarzenie. Gotowi do dzia\u0142ania czekamy na Wasze pytania i propozycje.<\/p>\n\n\n\n<div style=\"height:31px\" aria-hidden=\"true\" class=\"wp-block-spacer\"><\/div>\n\n\n\n<div class=\"wp-block-buttons is-horizontal is-content-justification-center is-layout-flex wp-container-core-buttons-is-layout-03627597 wp-block-buttons-is-layout-flex\">\n<div class=\"wp-block-button is-style-outline is-style-outline--4\"><a class=\"wp-block-button__link has-white-color has-text-color wp-element-button\" href=\"https:\/\/emer-mgmt.com\/index.php\/kontakt-2\/\" style=\"border-radius:0px\">CONTACT NOW<\/a><\/div>\n<\/div>\n<\/div>\n<\/div><\/div>\n","protected":false},"excerpt":{"rendered":"<p>Cieniu &#8220;ONA&#8221; &#8211; najnowszy singiel inspirowany oldschoolowym funkiem lat 70. &#8220;Ona&#8221; to pot\u0119\u017cna dawka energii w wo\u0142aniu o prawo do bycia autentycznym, bez wzgl\u0119du na presj\u0119 idealnego wizerunku kreowanego w mediach spo\u0142eczno\u015bciowych, materialny sukces czy ci\u0105g\u0142e d\u0105\u017cenie do zadowolenia innych. SPRAWD\u0179 CO NOWEGO U CIENIA! Ka\u017cdy koncert Cienia w towarzystwie topowych polskich muzyk\u00f3w to przejmuj\u0105ce, &hellip; <\/p>\n<p class=\"link-more\"><a href=\"https:\/\/emer-mgmt.com\/index.php\/cieniu\/\" class=\"more-link\">Read more<span class=\"screen-reader-text\"> &#8220;CIENIU&#8221;<\/span><\/a><\/p>\n","protected":false},"author":1,"featured_media":139,"parent":0,"menu_order":0,"comment_status":"closed","ping_status":"closed","template":"","meta":{"footnotes":""},"class_list":["post-136","page","type-page","status-publish","has-post-thumbnail","hentry"],"featured_media_urls":{"thumbnail":["https:\/\/emer-mgmt.com\/wp-content\/uploads\/2024\/01\/12-1-scaled-e1705920223454-150x150.jpg",150,150,true],"medium":["https:\/\/emer-mgmt.com\/wp-content\/uploads\/2024\/01\/12-1-scaled-e1705920223454-265x300.jpg",265,300,true],"medium_large":["https:\/\/emer-mgmt.com\/wp-content\/uploads\/2024\/01\/12-1-scaled-e1705920223454-768x870.jpg",768,870,true],"large":["https:\/\/emer-mgmt.com\/wp-content\/uploads\/2024\/01\/12-1-scaled-e1705920223454-904x1024.jpg",904,1024,true],"1536x1536":["https:\/\/emer-mgmt.com\/wp-content\/uploads\/2024\/01\/12-1-scaled-e1705920223454-1356x1536.jpg",1356,1536,true],"2048x2048":["https:\/\/emer-mgmt.com\/wp-content\/uploads\/2024\/01\/12-1-scaled-1366x2048.jpg",1366,2048,true],"inspiro-featured-image":["https:\/\/emer-mgmt.com\/wp-content\/uploads\/2024\/01\/12-1-2000x3000.jpg",2000,3000,true],"inspiro-loop":["https:\/\/emer-mgmt.com\/wp-content\/uploads\/2024\/01\/12-1-scaled-e1705920223454-950x320.jpg",950,320,true],"inspiro-loop@2x":["https:\/\/emer-mgmt.com\/wp-content\/uploads\/2024\/01\/12-1-scaled-e1705920223454-1706x640.jpg",1706,640,true],"portfolio_item-thumbnail":["https:\/\/emer-mgmt.com\/wp-content\/uploads\/2024\/01\/12-1-scaled-e1705920223454-600x400.jpg",600,400,true],"portfolio_item-thumbnail@2x":["https:\/\/emer-mgmt.com\/wp-content\/uploads\/2024\/01\/12-1-scaled-e1705920223454-1200x800.jpg",1200,800,true],"portfolio_item-masonry":["https:\/\/emer-mgmt.com\/wp-content\/uploads\/2024\/01\/12-1-scaled-e1705920223454-600x679.jpg",600,679,true],"portfolio_item-masonry@2x":["https:\/\/emer-mgmt.com\/wp-content\/uploads\/2024\/01\/12-1-scaled-e1705920223454-1200x1359.jpg",1200,1359,true],"portfolio_item-thumbnail_cinema":["https:\/\/emer-mgmt.com\/wp-content\/uploads\/2024\/01\/12-1-scaled-e1705920223454-800x335.jpg",800,335,true],"portfolio_item-thumbnail_portrait":["https:\/\/emer-mgmt.com\/wp-content\/uploads\/2024\/01\/12-1-scaled-e1705920223454-600x900.jpg",600,900,true],"portfolio_item-thumbnail_portrait@2x":["https:\/\/emer-mgmt.com\/wp-content\/uploads\/2024\/01\/12-1-scaled-e1705920223454-1200x1800.jpg",1200,1800,true],"portfolio_item-thumbnail_square":["https:\/\/emer-mgmt.com\/wp-content\/uploads\/2024\/01\/12-1-scaled-e1705920223454-800x800.jpg",800,800,true]},"_links":{"self":[{"href":"https:\/\/emer-mgmt.com\/index.php\/wp-json\/wp\/v2\/pages\/136","targetHints":{"allow":["GET"]}}],"collection":[{"href":"https:\/\/emer-mgmt.com\/index.php\/wp-json\/wp\/v2\/pages"}],"about":[{"href":"https:\/\/emer-mgmt.com\/index.php\/wp-json\/wp\/v2\/types\/page"}],"author":[{"embeddable":true,"href":"https:\/\/emer-mgmt.com\/index.php\/wp-json\/wp\/v2\/users\/1"}],"replies":[{"embeddable":true,"href":"https:\/\/emer-mgmt.com\/index.php\/wp-json\/wp\/v2\/comments?post=136"}],"version-history":[{"count":52,"href":"https:\/\/emer-mgmt.com\/index.php\/wp-json\/wp\/v2\/pages\/136\/revisions"}],"predecessor-version":[{"id":727,"href":"https:\/\/emer-mgmt.com\/index.php\/wp-json\/wp\/v2\/pages\/136\/revisions\/727"}],"wp:featuredmedia":[{"embeddable":true,"href":"https:\/\/emer-mgmt.com\/index.php\/wp-json\/wp\/v2\/media\/139"}],"wp:attachment":[{"href":"https:\/\/emer-mgmt.com\/index.php\/wp-json\/wp\/v2\/media?parent=136"}],"curies":[{"name":"wp","href":"https:\/\/api.w.org\/{rel}","templated":true}]}}