{"id":289,"date":"2024-01-19T18:08:20","date_gmt":"2024-01-19T18:08:20","guid":{"rendered":"https:\/\/emer-mgmt.com\/?page_id=289"},"modified":"2024-01-22T10:37:31","modified_gmt":"2024-01-22T10:37:31","slug":"lets-rock","status":"publish","type":"page","link":"https:\/\/emer-mgmt.com\/index.php\/lets-rock\/","title":{"rendered":"LET&#8217;S ROCK"},"content":{"rendered":"\n<div class=\"wp-block-columns is-layout-flex wp-container-core-columns-is-layout-28f84493 wp-block-columns-is-layout-flex\">\n<div class=\"wp-block-column is-layout-flow wp-block-column-is-layout-flow\">\n<div class=\"wp-block-cover has-global-padding is-layout-constrained wp-block-cover-is-layout-constrained\"><span aria-hidden=\"true\" class=\"wp-block-cover__background has-background-dim-0 has-background-dim\"><\/span><img loading=\"lazy\" decoding=\"async\" width=\"1466\" height=\"1316\" class=\"wp-block-cover__image-background wp-image-393\" alt=\"\" src=\"http:\/\/emer-mgmt.com\/wp-content\/uploads\/2024\/01\/Zrzut-ekranu-2024-01-22-o-10.59.01.png\" data-object-fit=\"cover\" srcset=\"https:\/\/emer-mgmt.com\/wp-content\/uploads\/2024\/01\/Zrzut-ekranu-2024-01-22-o-10.59.01.png 1466w, https:\/\/emer-mgmt.com\/wp-content\/uploads\/2024\/01\/Zrzut-ekranu-2024-01-22-o-10.59.01-300x269.png 300w, https:\/\/emer-mgmt.com\/wp-content\/uploads\/2024\/01\/Zrzut-ekranu-2024-01-22-o-10.59.01-1024x919.png 1024w\" sizes=\"auto, (max-width: 1466px) 100vw, 1466px\" \/><div class=\"wp-block-cover__inner-container\"><\/div><\/div>\n<\/div>\n\n\n\n<div class=\"wp-block-column is-layout-flow wp-block-column-is-layout-flow\">\n<div class=\"wp-block-cover is-light\" style=\"min-height:430px;aspect-ratio:unset;\"><span aria-hidden=\"true\" class=\"wp-block-cover__background has-background-dim\"><\/span><div class=\"wp-block-cover__inner-container has-global-padding is-layout-constrained wp-block-cover-is-layout-constrained\">\n<p class=\"has-text-align-center has-white-color has-text-color has-link-color has-small-font-size wp-elements-b14b4ac93b9a646bbd765e2b994ec145\">Let\u2019s Rock \u2013 Legendy Rocka to audiowizualne, dwugodzinne show. Energetyczny zesp\u00f3\u0142 i 5 wokalist\u00f3w prezentuj\u0105 rockowe hymny wielu pokole\u0144 w aran\u017cacjach mocno zbli\u017conych do orygina\u0142u. Ca\u0142o\u015b\u0107 dope\u0142nia wystawa plakatu wroc\u0142awskiego plakacisty Macieja \u015awi\u0119tego. Podczas koncertu zobaczymy plakaty i us\u0142yszmy utwory takich legend jak: Pink Floyd, AC\/DC, Pearl Jam, Dire Straits czy U2.<\/p>\n\n\n\n<div class=\"wp-block-buttons is-content-justification-center is-layout-flex wp-container-core-buttons-is-layout-a89b3969 wp-block-buttons-is-layout-flex\">\n<div class=\"wp-block-button is-style-outline is-style-outline--1\"><a class=\"wp-block-button__link has-white-color has-text-color has-link-color wp-element-button\" href=\"https:\/\/www.youtube.com\/watch?v=9NPmd8dGp1g\" target=\"_blank\" rel=\"noreferrer noopener\">POS\u0141UCHAJ<\/a><\/div>\n<\/div>\n<\/div><\/div>\n<\/div>\n<\/div>\n\n\n\n<div class=\"wp-block-group alignfull has-black-background-color has-background has-global-padding is-layout-constrained wp-container-core-group-is-layout-4383d167 wp-block-group-is-layout-constrained\">\n<div style=\"height:15px\" aria-hidden=\"true\" class=\"wp-block-spacer\"><\/div>\n\n\n\n<div class=\"wp-block-columns is-layout-flex wp-container-core-columns-is-layout-28f84493 wp-block-columns-is-layout-flex\">\n<div class=\"wp-block-column is-layout-flow wp-block-column-is-layout-flow\" style=\"flex-basis:33.33%\">\n<figure class=\"wp-block-image size-large\"><img loading=\"lazy\" decoding=\"async\" width=\"1024\" height=\"165\" src=\"http:\/\/emer-mgmt.com\/wp-content\/uploads\/2024\/01\/wystawa-koncert-1024x165.png\" alt=\"\" class=\"wp-image-303\" srcset=\"https:\/\/emer-mgmt.com\/wp-content\/uploads\/2024\/01\/wystawa-koncert-1024x165.png 1024w, https:\/\/emer-mgmt.com\/wp-content\/uploads\/2024\/01\/wystawa-koncert-300x48.png 300w, https:\/\/emer-mgmt.com\/wp-content\/uploads\/2024\/01\/wystawa-koncert.png 1506w\" sizes=\"auto, (max-width: 1024px) 100vw, 1024px\" \/><\/figure>\n\n\n\n<figure class=\"wp-block-image aligncenter size-full is-resized\"><img loading=\"lazy\" decoding=\"async\" width=\"700\" height=\"700\" src=\"http:\/\/emer-mgmt.com\/wp-content\/uploads\/2024\/01\/Letsrock-LOGO.png\" alt=\"\" class=\"wp-image-291\" style=\"width:261px;height:auto\" srcset=\"https:\/\/emer-mgmt.com\/wp-content\/uploads\/2024\/01\/Letsrock-LOGO.png 700w, https:\/\/emer-mgmt.com\/wp-content\/uploads\/2024\/01\/Letsrock-LOGO-300x300.png 300w, https:\/\/emer-mgmt.com\/wp-content\/uploads\/2024\/01\/Letsrock-LOGO-150x150.png 150w\" sizes=\"auto, (max-width: 700px) 100vw, 700px\" \/><\/figure>\n\n\n\n<div class=\"wp-block-columns is-layout-flex wp-container-core-columns-is-layout-28f84493 wp-block-columns-is-layout-flex\">\n<div class=\"wp-block-column is-layout-flow wp-block-column-is-layout-flow\" style=\"flex-basis:100%\">\n<div class=\"wp-block-buttons is-content-justification-center is-layout-flex wp-container-core-buttons-is-layout-a89b3969 wp-block-buttons-is-layout-flex\">\n<div class=\"wp-block-button is-style-outline is-style-outline--2\"><a class=\"wp-block-button__link has-white-color has-text-color has-link-color wp-element-button\" href=\"https:\/\/maciejswiety.pl\/letsrock\/\" target=\"_blank\" rel=\"noreferrer noopener\">SPRAWD\u0179 TO! <\/a><\/div>\n<\/div>\n<\/div>\n<\/div>\n<\/div>\n\n\n\n<div class=\"wp-block-column is-layout-flow wp-block-column-is-layout-flow\" style=\"flex-basis:66.66%\">\n<figure class=\"wp-block-embed is-type-video is-provider-youtube wp-block-embed-youtube wp-embed-aspect-16-9 wp-has-aspect-ratio\" style=\"margin-top:var(--wp--preset--spacing--x-small);margin-right:var(--wp--preset--spacing--x-small);margin-bottom:var(--wp--preset--spacing--x-small);margin-left:var(--wp--preset--spacing--x-small)\"><div class=\"wp-block-embed__wrapper\">\n<iframe loading=\"lazy\" title=\"Let\u2019s Rock - Legends of Rock | PROMO VIDEO\" width=\"950\" height=\"534\" src=\"https:\/\/www.youtube.com\/embed\/9NPmd8dGp1g?feature=oembed\" frameborder=\"0\" allow=\"accelerometer; autoplay; clipboard-write; encrypted-media; gyroscope; picture-in-picture; web-share\" allowfullscreen><\/iframe>\n<\/div><\/figure>\n<\/div>\n<\/div>\n\n\n\n<div style=\"height:20px\" aria-hidden=\"true\" class=\"wp-block-spacer\"><\/div>\n<\/div>\n\n\n\n<div class=\"wp-block-columns is-layout-flex wp-container-core-columns-is-layout-28f84493 wp-block-columns-is-layout-flex\">\n<div class=\"wp-block-column is-layout-flow wp-block-column-is-layout-flow\">\n<figure class=\"wp-block-image size-large\"><img loading=\"lazy\" decoding=\"async\" width=\"683\" height=\"1024\" src=\"http:\/\/emer-mgmt.com\/wp-content\/uploads\/2024\/01\/1704995622265-683x1024.jpeg\" alt=\"\" class=\"wp-image-297\" srcset=\"https:\/\/emer-mgmt.com\/wp-content\/uploads\/2024\/01\/1704995622265-683x1024.jpeg 683w, https:\/\/emer-mgmt.com\/wp-content\/uploads\/2024\/01\/1704995622265-200x300.jpeg 200w, https:\/\/emer-mgmt.com\/wp-content\/uploads\/2024\/01\/1704995622265.jpeg 1365w\" sizes=\"auto, (max-width: 683px) 100vw, 683px\" \/><\/figure>\n<\/div>\n\n\n\n<div class=\"wp-block-column is-vertically-aligned-center is-layout-flow wp-block-column-is-layout-flow\">\n<div class=\"wp-block-group is-vertical is-layout-flex wp-container-core-group-is-layout-fe9cc265 wp-block-group-is-layout-flex\">\n<figure class=\"wp-block-image size-large\"><img loading=\"lazy\" decoding=\"async\" width=\"1024\" height=\"683\" src=\"http:\/\/emer-mgmt.com\/wp-content\/uploads\/2024\/01\/9I4A6541-1024x683.jpg\" alt=\"\" class=\"wp-image-294\" srcset=\"https:\/\/emer-mgmt.com\/wp-content\/uploads\/2024\/01\/9I4A6541-1024x683.jpg 1024w, https:\/\/emer-mgmt.com\/wp-content\/uploads\/2024\/01\/9I4A6541-300x200.jpg 300w, https:\/\/emer-mgmt.com\/wp-content\/uploads\/2024\/01\/9I4A6541-2000x1333.jpg 2000w, https:\/\/emer-mgmt.com\/wp-content\/uploads\/2024\/01\/9I4A6541-600x400.jpg 600w, https:\/\/emer-mgmt.com\/wp-content\/uploads\/2024\/01\/9I4A6541-1200x800.jpg 1200w\" sizes=\"auto, (max-width: 1024px) 100vw, 1024px\" \/><\/figure>\n<\/div>\n\n\n\n<figure class=\"wp-block-image size-large\"><img decoding=\"async\" src=\"http:\/\/emer-mgmt.com\/wp-content\/uploads\/2024\/01\/1704995622544-1024x683.jpeg\" alt=\"\" class=\"wp-image-292\"\/><\/figure>\n<\/div>\n\n\n\n<div class=\"wp-block-column is-layout-flow wp-block-column-is-layout-flow\">\n<figure class=\"wp-block-image size-large\"><img loading=\"lazy\" decoding=\"async\" width=\"683\" height=\"1024\" src=\"http:\/\/emer-mgmt.com\/wp-content\/uploads\/2024\/01\/1704995622487-683x1024.jpeg\" alt=\"\" class=\"wp-image-296\" srcset=\"https:\/\/emer-mgmt.com\/wp-content\/uploads\/2024\/01\/1704995622487-683x1024.jpeg 683w, https:\/\/emer-mgmt.com\/wp-content\/uploads\/2024\/01\/1704995622487-200x300.jpeg 200w, https:\/\/emer-mgmt.com\/wp-content\/uploads\/2024\/01\/1704995622487.jpeg 1365w\" sizes=\"auto, (max-width: 683px) 100vw, 683px\" \/><\/figure>\n<\/div>\n<\/div>\n\n\n\n<div class=\"wp-block-columns is-layout-flex wp-container-core-columns-is-layout-28f84493 wp-block-columns-is-layout-flex\">\n<div class=\"wp-block-column is-layout-flow wp-block-column-is-layout-flow\">\n<figure class=\"wp-block-image size-large\"><img loading=\"lazy\" decoding=\"async\" width=\"1024\" height=\"682\" src=\"http:\/\/emer-mgmt.com\/wp-content\/uploads\/2024\/01\/81FF370E-149F-495A-BE79-26D3167EBC20-1024x682.jpg\" alt=\"\" class=\"wp-image-293\" srcset=\"https:\/\/emer-mgmt.com\/wp-content\/uploads\/2024\/01\/81FF370E-149F-495A-BE79-26D3167EBC20-1024x682.jpg 1024w, https:\/\/emer-mgmt.com\/wp-content\/uploads\/2024\/01\/81FF370E-149F-495A-BE79-26D3167EBC20-300x200.jpg 300w, https:\/\/emer-mgmt.com\/wp-content\/uploads\/2024\/01\/81FF370E-149F-495A-BE79-26D3167EBC20-2000x1333.jpg 2000w, https:\/\/emer-mgmt.com\/wp-content\/uploads\/2024\/01\/81FF370E-149F-495A-BE79-26D3167EBC20-600x400.jpg 600w, https:\/\/emer-mgmt.com\/wp-content\/uploads\/2024\/01\/81FF370E-149F-495A-BE79-26D3167EBC20-1200x800.jpg 1200w\" sizes=\"auto, (max-width: 1024px) 100vw, 1024px\" \/><\/figure>\n<\/div>\n\n\n\n<div class=\"wp-block-column is-layout-flow wp-block-column-is-layout-flow\">\n<figure class=\"wp-block-image size-large\"><img loading=\"lazy\" decoding=\"async\" width=\"1024\" height=\"683\" src=\"http:\/\/emer-mgmt.com\/wp-content\/uploads\/2024\/01\/9I4A6455-1024x683.jpg\" alt=\"\" class=\"wp-image-298\" srcset=\"https:\/\/emer-mgmt.com\/wp-content\/uploads\/2024\/01\/9I4A6455-1024x683.jpg 1024w, https:\/\/emer-mgmt.com\/wp-content\/uploads\/2024\/01\/9I4A6455-300x200.jpg 300w, https:\/\/emer-mgmt.com\/wp-content\/uploads\/2024\/01\/9I4A6455-2000x1333.jpg 2000w, https:\/\/emer-mgmt.com\/wp-content\/uploads\/2024\/01\/9I4A6455-600x400.jpg 600w, https:\/\/emer-mgmt.com\/wp-content\/uploads\/2024\/01\/9I4A6455-1200x800.jpg 1200w\" sizes=\"auto, (max-width: 1024px) 100vw, 1024px\" \/><\/figure>\n<\/div>\n\n\n\n<div class=\"wp-block-column is-layout-flow wp-block-column-is-layout-flow\">\n<figure class=\"wp-block-image size-large\"><img loading=\"lazy\" decoding=\"async\" width=\"1024\" height=\"683\" src=\"http:\/\/emer-mgmt.com\/wp-content\/uploads\/2024\/01\/1704995622305-1024x683.jpeg\" alt=\"\" class=\"wp-image-299\" srcset=\"https:\/\/emer-mgmt.com\/wp-content\/uploads\/2024\/01\/1704995622305-1024x683.jpeg 1024w, https:\/\/emer-mgmt.com\/wp-content\/uploads\/2024\/01\/1704995622305-300x200.jpeg 300w, https:\/\/emer-mgmt.com\/wp-content\/uploads\/2024\/01\/1704995622305-2000x1333.jpeg 2000w, https:\/\/emer-mgmt.com\/wp-content\/uploads\/2024\/01\/1704995622305-600x400.jpeg 600w, https:\/\/emer-mgmt.com\/wp-content\/uploads\/2024\/01\/1704995622305-1200x800.jpeg 1200w, https:\/\/emer-mgmt.com\/wp-content\/uploads\/2024\/01\/1704995622305.jpeg 2048w\" sizes=\"auto, (max-width: 1024px) 100vw, 1024px\" \/><\/figure>\n<\/div>\n<\/div>\n\n\n\n<div class=\"wp-block-group has-global-padding is-layout-constrained wp-block-group-is-layout-constrained\">\n<div class=\"wp-block-columns is-layout-flex wp-container-core-columns-is-layout-28f84493 wp-block-columns-is-layout-flex\">\n<div class=\"wp-block-column is-layout-flow wp-block-column-is-layout-flow\">\n<div class=\"wp-block-cover\" style=\"min-height:325px;aspect-ratio:unset;\"><span aria-hidden=\"true\" class=\"wp-block-cover__background has-background-dim-0 has-background-dim\"><\/span><img loading=\"lazy\" decoding=\"async\" width=\"1024\" height=\"572\" class=\"wp-block-cover__image-background wp-image-315\" alt=\"\" src=\"http:\/\/emer-mgmt.com\/wp-content\/uploads\/2024\/01\/65986dcc-99ec-448d-a6da-cdae5e2bdc1c-1024x572.png\" data-object-fit=\"cover\" srcset=\"https:\/\/emer-mgmt.com\/wp-content\/uploads\/2024\/01\/65986dcc-99ec-448d-a6da-cdae5e2bdc1c-1024x572.png 1024w, https:\/\/emer-mgmt.com\/wp-content\/uploads\/2024\/01\/65986dcc-99ec-448d-a6da-cdae5e2bdc1c-300x168.png 300w, https:\/\/emer-mgmt.com\/wp-content\/uploads\/2024\/01\/65986dcc-99ec-448d-a6da-cdae5e2bdc1c-2000x1118.png 2000w\" sizes=\"auto, (max-width: 1024px) 100vw, 1024px\" \/><div class=\"wp-block-cover__inner-container is-layout-flow wp-block-cover-is-layout-flow\">\n<div style=\"height:170px\" aria-hidden=\"true\" class=\"wp-block-spacer\"><\/div>\n\n\n\n<div class=\"wp-block-buttons is-content-justification-center is-layout-flex wp-container-core-buttons-is-layout-a89b3969 wp-block-buttons-is-layout-flex\">\n<div class=\"wp-block-button is-style-fill\"><a class=\"wp-block-button__link has-white-color has-text-color has-link-color wp-element-button\" href=\"https:\/\/maciejswiety.myportfolio.com\/lets-rock\" target=\"_blank\" rel=\"noreferrer noopener\">GALERIA PLAKAT\u00d3W ONLINE<\/a><\/div>\n<\/div>\n<\/div><\/div>\n<\/div>\n\n\n\n<div class=\"wp-block-column is-vertically-aligned-center is-layout-flow wp-block-column-is-layout-flow\">\n<div class=\"wp-block-buttons has-custom-font-size has-medium-font-size is-content-justification-center is-layout-flex wp-container-core-buttons-is-layout-a89b3969 wp-block-buttons-is-layout-flex\">\n<div class=\"wp-block-button is-style-outline is-style-outline--3\"><a class=\"wp-block-button__link has-primary-color has-text-color has-link-color has-text-align-center wp-element-button\" href=\"https:\/\/maciejswiety.pl\/letsrock\/\" target=\"_blank\" rel=\"noreferrer noopener\"><strong>STRONA WWW<\/strong><\/a><\/div>\n<\/div>\n<\/div>\n<\/div>\n\n\n\n<div class=\"wp-block-group has-global-padding is-layout-constrained wp-block-group-is-layout-constrained\">\n<div class=\"wp-block-group has-global-padding is-layout-constrained wp-block-group-is-layout-constrained\">\n<div class=\"wp-block-cover alignfull has-small-font-size\" style=\"padding-top:0px;padding-right:0px;padding-bottom:0px;padding-left:0px;min-height:295px;aspect-ratio:unset;\"><span aria-hidden=\"true\" class=\"wp-block-cover__background has-black-background-color has-background-dim-100 has-background-dim\"><\/span><div class=\"wp-block-cover__inner-container is-layout-flow wp-container-core-cover-is-layout-a1196e9b wp-block-cover-is-layout-flow\">\n<div class=\"wp-block-cover alignfull has-small-font-size\" style=\"padding-top:0px;padding-right:0px;padding-bottom:0px;padding-left:0px;min-height:201px;aspect-ratio:unset;\"><span aria-hidden=\"true\" class=\"wp-block-cover__background has-black-background-color has-background-dim-100 has-background-dim\"><\/span><div class=\"wp-block-cover__inner-container is-layout-flow wp-block-cover-is-layout-flow\">\n<div class=\"wp-block-group has-small-font-size has-global-padding is-layout-constrained wp-block-group-is-layout-constrained\">\n<div class=\"wp-block-columns has-primary-background-color has-background has-x-small-font-size is-layout-flex wp-container-core-columns-is-layout-28f84493 wp-block-columns-is-layout-flex\">\n<div class=\"wp-block-column is-vertically-aligned-center has-large-font-size is-layout-flow wp-block-column-is-layout-flow\" style=\"padding-top:20px;padding-right:0px;padding-bottom:20px;padding-left:0px\">\n<h4 class=\"wp-block-heading has-text-align-center\"><strong>PATRONAT MEDIALNY<\/strong>:<\/h4>\n<\/div>\n\n\n\n<div class=\"wp-block-column is-vertically-aligned-center is-layout-flow wp-block-column-is-layout-flow\" style=\"padding-top:20px;padding-right:0px;padding-bottom:20px;padding-left:0px\">\n<figure class=\"wp-block-image aligncenter size-full is-resized\"><img loading=\"lazy\" decoding=\"async\" width=\"480\" height=\"292\" src=\"https:\/\/emer-mgmt.com\/wp-content\/uploads\/2024\/01\/415073409_346514581456805_3086485990426604803_n21-9900000000028a3c-1.png\" alt=\"\" class=\"wp-image-323\" style=\"aspect-ratio:1;object-fit:cover;width:255px;height:auto\" srcset=\"https:\/\/emer-mgmt.com\/wp-content\/uploads\/2024\/01\/415073409_346514581456805_3086485990426604803_n21-9900000000028a3c-1.png 480w, https:\/\/emer-mgmt.com\/wp-content\/uploads\/2024\/01\/415073409_346514581456805_3086485990426604803_n21-9900000000028a3c-1-300x183.png 300w\" sizes=\"auto, (max-width: 480px) 100vw, 480px\" \/><\/figure>\n<\/div>\n\n\n\n<div class=\"wp-block-column is-vertically-aligned-center has-medium-font-size is-layout-flow wp-block-column-is-layout-flow\">\n<figure class=\"wp-block-image aligncenter size-full\"><img loading=\"lazy\" decoding=\"async\" width=\"160\" height=\"121\" src=\"https:\/\/emer-mgmt.com\/wp-content\/uploads\/2024\/01\/413215618_3481587762103041_137139101737879401_n2-9906db000001453c-1.png\" alt=\"\" class=\"wp-image-324\" style=\"aspect-ratio:1;object-fit:cover\"\/><\/figure>\n<\/div>\n<\/div>\n<\/div>\n<\/div><\/div>\n<\/div><\/div>\n<\/div>\n<\/div>\n<\/div>\n\n\n\n<div class=\"wp-block-cover alignfull has-parallax is-position-center-center wp-duotone-unset-5\" style=\"border-radius:0px\"><span aria-hidden=\"true\" class=\"wp-block-cover__background has-black-background-color has-background-dim-40 has-background-dim\"><\/span><div role=\"img\" class=\"wp-block-cover__image-background wp-image-28 has-parallax\" style=\"background-position:50% 50%;background-image:url(http:\/\/emer-mgmt.com\/wp-content\/uploads\/2024\/01\/cropped-88EEF7CF-411F-4306-80D4-65C4418B34F0-1.jpg)\"><\/div><div class=\"wp-block-cover__inner-container is-layout-flow wp-block-cover-is-layout-flow\">\n<div class=\"wp-block-group has-global-padding is-layout-constrained wp-block-group-is-layout-constrained\">\n<h3 class=\"wp-block-heading has-text-align-center has-text-color has-medium-font-size\" style=\"color:#fffffa;text-transform:uppercase\">LET&#8217;S CONNECT!<\/h3>\n\n\n\n<p class=\"has-text-align-center\">Oferujemy pe\u0142ne wsparcie organizacyjne i elastyczno\u015b\u0107 dostosowania do Waszych potrzeb i wymaga\u0144. <br>Pozw\u00f3lcie, \u017ce razem stworzymy niezapomniane wydarzenie. Gotowi do dzia\u0142ania, czekamy na Wasze pytania i propozycje.<\/p>\n\n\n\n<div style=\"height:31px\" aria-hidden=\"true\" class=\"wp-block-spacer\"><\/div>\n\n\n\n<div class=\"wp-block-buttons is-horizontal is-content-justification-center is-layout-flex wp-container-core-buttons-is-layout-03627597 wp-block-buttons-is-layout-flex\">\n<div class=\"wp-block-button is-style-outline is-style-outline--4\"><a class=\"wp-block-button__link has-white-color has-text-color wp-element-button\" href=\"https:\/\/emer-mgmt.com\/index.php\/kontakt-2\/\" style=\"border-radius:0px\">CONTACT NOW<\/a><\/div>\n<\/div>\n<\/div>\n<\/div><\/div>\n\n\n\n<div class=\"wp-block-columns is-layout-flex wp-container-core-columns-is-layout-28f84493 wp-block-columns-is-layout-flex\">\n<div class=\"wp-block-column is-vertically-aligned-center is-layout-flow wp-block-column-is-layout-flow\" style=\"flex-basis:33.33%\"><\/div>\n\n\n\n<div class=\"wp-block-column is-layout-flow wp-block-column-is-layout-flow\" style=\"flex-basis:66.66%\"><\/div>\n<\/div>\n","protected":false},"excerpt":{"rendered":"","protected":false},"author":1,"featured_media":292,"parent":0,"menu_order":0,"comment_status":"closed","ping_status":"closed","template":"","meta":{"footnotes":""},"class_list":["post-289","page","type-page","status-publish","has-post-thumbnail","hentry"],"featured_media_urls":{"thumbnail":["https:\/\/emer-mgmt.com\/wp-content\/uploads\/2024\/01\/1704995622544-e1705917461948-150x150.jpeg",150,150,true],"medium":["https:\/\/emer-mgmt.com\/wp-content\/uploads\/2024\/01\/1704995622544-e1705917461948-300x173.jpeg",300,173,true],"medium_large":["https:\/\/emer-mgmt.com\/wp-content\/uploads\/2024\/01\/1704995622544-e1705917461948-768x443.jpeg",768,443,true],"large":["https:\/\/emer-mgmt.com\/wp-content\/uploads\/2024\/01\/1704995622544-e1705917461948-1024x591.jpeg",950,548,true],"1536x1536":["https:\/\/emer-mgmt.com\/wp-content\/uploads\/2024\/01\/1704995622544-e1705917461948-1536x886.jpeg",1536,886,true],"2048x2048":["https:\/\/emer-mgmt.com\/wp-content\/uploads\/2024\/01\/1704995622544-e1705917461948.jpeg",2048,1181,false],"inspiro-featured-image":["https:\/\/emer-mgmt.com\/wp-content\/uploads\/2024\/01\/1704995622544-e1705917461948-2000x1153.jpeg",2000,1153,true],"inspiro-loop":["https:\/\/emer-mgmt.com\/wp-content\/uploads\/2024\/01\/1704995622544-e1705917461948-950x320.jpeg",950,320,true],"inspiro-loop@2x":["https:\/\/emer-mgmt.com\/wp-content\/uploads\/2024\/01\/1704995622544-e1705917461948-1900x640.jpeg",1900,640,true],"portfolio_item-thumbnail":["https:\/\/emer-mgmt.com\/wp-content\/uploads\/2024\/01\/1704995622544-e1705917461948-600x400.jpeg",600,400,true],"portfolio_item-thumbnail@2x":["https:\/\/emer-mgmt.com\/wp-content\/uploads\/2024\/01\/1704995622544-e1705917461948-1200x800.jpeg",1200,800,true],"portfolio_item-masonry":["https:\/\/emer-mgmt.com\/wp-content\/uploads\/2024\/01\/1704995622544-e1705917461948-600x346.jpeg",600,346,true],"portfolio_item-masonry@2x":["https:\/\/emer-mgmt.com\/wp-content\/uploads\/2024\/01\/1704995622544-e1705917461948-1200x692.jpeg",1200,692,true],"portfolio_item-thumbnail_cinema":["https:\/\/emer-mgmt.com\/wp-content\/uploads\/2024\/01\/1704995622544-e1705917461948-800x335.jpeg",800,335,true],"portfolio_item-thumbnail_portrait":["https:\/\/emer-mgmt.com\/wp-content\/uploads\/2024\/01\/1704995622544-e1705917461948-600x900.jpeg",600,900,true],"portfolio_item-thumbnail_portrait@2x":["https:\/\/emer-mgmt.com\/wp-content\/uploads\/2024\/01\/1704995622544-e1705917461948-1200x1181.jpeg",1200,1181,true],"portfolio_item-thumbnail_square":["https:\/\/emer-mgmt.com\/wp-content\/uploads\/2024\/01\/1704995622544-e1705917461948-800x800.jpeg",800,800,true]},"_links":{"self":[{"href":"https:\/\/emer-mgmt.com\/index.php\/wp-json\/wp\/v2\/pages\/289","targetHints":{"allow":["GET"]}}],"collection":[{"href":"https:\/\/emer-mgmt.com\/index.php\/wp-json\/wp\/v2\/pages"}],"about":[{"href":"https:\/\/emer-mgmt.com\/index.php\/wp-json\/wp\/v2\/types\/page"}],"author":[{"embeddable":true,"href":"https:\/\/emer-mgmt.com\/index.php\/wp-json\/wp\/v2\/users\/1"}],"replies":[{"embeddable":true,"href":"https:\/\/emer-mgmt.com\/index.php\/wp-json\/wp\/v2\/comments?post=289"}],"version-history":[{"count":25,"href":"https:\/\/emer-mgmt.com\/index.php\/wp-json\/wp\/v2\/pages\/289\/revisions"}],"predecessor-version":[{"id":414,"href":"https:\/\/emer-mgmt.com\/index.php\/wp-json\/wp\/v2\/pages\/289\/revisions\/414"}],"wp:featuredmedia":[{"embeddable":true,"href":"https:\/\/emer-mgmt.com\/index.php\/wp-json\/wp\/v2\/media\/292"}],"wp:attachment":[{"href":"https:\/\/emer-mgmt.com\/index.php\/wp-json\/wp\/v2\/media?parent=289"}],"curies":[{"name":"wp","href":"https:\/\/api.w.org\/{rel}","templated":true}]}}