{"id":541,"date":"2024-05-23T13:54:49","date_gmt":"2024-05-23T13:54:49","guid":{"rendered":"https:\/\/emer-mgmt.com\/?page_id=541"},"modified":"2025-03-18T17:57:40","modified_gmt":"2025-03-18T17:57:40","slug":"mateusz-krzykala","status":"publish","type":"page","link":"https:\/\/emer-mgmt.com\/index.php\/mateusz-krzykala\/","title":{"rendered":"MATEUSZ KRZYKA\u0141A"},"content":{"rendered":"\n<div class=\"wp-block-columns is-layout-flex wp-container-core-columns-is-layout-28f84493 wp-block-columns-is-layout-flex\">\n<div class=\"wp-block-column is-layout-flow wp-block-column-is-layout-flow\">\n<div class=\"wp-block-cover\" style=\"min-height:490px;aspect-ratio:unset;\"><span aria-hidden=\"true\" class=\"wp-block-cover__background has-background-dim-10 has-background-dim\" style=\"background-color:#5c2727\"><\/span><img loading=\"lazy\" decoding=\"async\" width=\"1707\" height=\"2560\" class=\"wp-block-cover__image-background wp-image-687\" alt=\"\" src=\"http:\/\/emer-mgmt.com\/wp-content\/uploads\/2025\/03\/22-scaled.jpg\" style=\"object-position:51% 34%\" data-object-fit=\"cover\" data-object-position=\"51% 34%\" srcset=\"https:\/\/emer-mgmt.com\/wp-content\/uploads\/2025\/03\/22-scaled.jpg 1707w, https:\/\/emer-mgmt.com\/wp-content\/uploads\/2025\/03\/22-200x300.jpg 200w, https:\/\/emer-mgmt.com\/wp-content\/uploads\/2025\/03\/22-683x1024.jpg 683w, https:\/\/emer-mgmt.com\/wp-content\/uploads\/2025\/03\/22-2000x3000.jpg 2000w\" sizes=\"auto, (max-width: 1707px) 100vw, 1707px\" \/><div class=\"wp-block-cover__inner-container is-layout-flow wp-block-cover-is-layout-flow\">\n<p class=\"has-text-align-center has-large-font-size\"><\/p>\n<\/div><\/div>\n<\/div>\n\n\n\n<div class=\"wp-block-column is-vertically-aligned-center is-layout-flow wp-block-column-is-layout-flow\">\n<div class=\"wp-block-group has-global-padding is-layout-constrained wp-block-group-is-layout-constrained\">\n<div class=\"wp-block-cover\" style=\"min-height:487px;aspect-ratio:unset;\"><span aria-hidden=\"true\" class=\"wp-block-cover__background has-background-dim\"><\/span><div class=\"wp-block-cover__inner-container is-layout-flow wp-block-cover-is-layout-flow\">\n<div class=\"wp-block-group has-global-padding is-layout-constrained wp-block-group-is-layout-constrained\">\n<p class=\"has-text-align-left\"><strong>Mateusz Krzyka\u0142a<\/strong> &#8211; Zwyci\u0119zca pi\u0105tej edycji The Voice Kids, to nazwisko, kt\u00f3re podbija serca fan\u00f3w muzyki w ca\u0142ej Polsce.<\/p>\n\n\n\n<p>Zaledwie 14-letni wokalista, kt\u00f3ry zaskoczy\u0142 juror\u00f3w i publiczno\u015b\u0107 swoim imponuj\u0105cym g\u0142osem i niezwyk\u0142\u0105 interpretacj\u0105 utwor\u00f3w. Jego wyst\u0119py na \u017cywo w programie The Voice Kids przyci\u0105ga\u0142y miliony widz\u00f3w przed telewizory, a jego fina\u0142owy wyst\u0119p na d\u0142ugo pozo-stanie w pami\u0119ci wszystkich, kt\u00f3rzy mieli przyjemno\u015b\u0107 go ogl\u0105da\u0107.<\/p>\n\n\n\n<p>Jego niezwyk\u0142y talent wokalny, charyzma sceniczna i profesjonalizm sprawiaj\u0105, \u017ce jest gotowy na podb\u00f3j polskiej estrady.<\/p>\n\n\n\n<p><\/p>\n<\/div>\n\n\n\n<div class=\"wp-block-buttons is-horizontal is-content-justification-center is-layout-flex wp-container-core-buttons-is-layout-03627597 wp-block-buttons-is-layout-flex\">\n<div class=\"wp-block-button is-style-outline is-style-outline--1\"><a class=\"wp-block-button__link has-text-align-center wp-element-button\" href=\"https:\/\/www.youtube.com\/channel\/UC2MvuiDwha3XYlWgarpzLUg\" target=\"_blank\" rel=\"noreferrer noopener\">POS\u0141UCHAJ<\/a><\/div>\n<\/div>\n<\/div><\/div>\n<\/div>\n<\/div>\n<\/div>\n\n\n\n<div class=\"wp-block-columns is-layout-flex wp-container-core-columns-is-layout-28f84493 wp-block-columns-is-layout-flex\">\n<div class=\"wp-block-column is-layout-flow wp-block-column-is-layout-flow\">\n<div class=\"wp-block-group is-nowrap is-layout-flex wp-container-core-group-is-layout-6c531013 wp-block-group-is-layout-flex\">\n<div class=\"wp-block-group has-global-padding is-layout-constrained wp-block-group-is-layout-constrained\">\n<figure class=\"wp-block-image size-large\"><img loading=\"lazy\" decoding=\"async\" width=\"683\" height=\"1024\" src=\"https:\/\/emer-mgmt.com\/wp-content\/uploads\/2025\/03\/19-683x1024.jpg\" alt=\"\" class=\"wp-image-702\" srcset=\"https:\/\/emer-mgmt.com\/wp-content\/uploads\/2025\/03\/19-683x1024.jpg 683w, https:\/\/emer-mgmt.com\/wp-content\/uploads\/2025\/03\/19-200x300.jpg 200w, https:\/\/emer-mgmt.com\/wp-content\/uploads\/2025\/03\/19-2000x3000.jpg 2000w, https:\/\/emer-mgmt.com\/wp-content\/uploads\/2025\/03\/19-scaled.jpg 1707w\" sizes=\"auto, (max-width: 683px) 100vw, 683px\" \/><\/figure>\n<\/div>\n<\/div>\n\n\n\n<figure class=\"wp-block-image size-large is-resized\"><img loading=\"lazy\" decoding=\"async\" width=\"683\" height=\"1024\" src=\"http:\/\/emer-mgmt.com\/wp-content\/uploads\/2025\/03\/23-683x1024.jpg\" alt=\"\" class=\"wp-image-704\" style=\"aspect-ratio:0.75;object-fit:cover;width:353px;height:auto\" srcset=\"https:\/\/emer-mgmt.com\/wp-content\/uploads\/2025\/03\/23-683x1024.jpg 683w, https:\/\/emer-mgmt.com\/wp-content\/uploads\/2025\/03\/23-200x300.jpg 200w, https:\/\/emer-mgmt.com\/wp-content\/uploads\/2025\/03\/23-2000x3000.jpg 2000w, https:\/\/emer-mgmt.com\/wp-content\/uploads\/2025\/03\/23-scaled.jpg 1707w\" sizes=\"auto, (max-width: 683px) 100vw, 683px\" \/><\/figure>\n<\/div>\n\n\n\n<div class=\"wp-block-column is-layout-flow wp-block-column-is-layout-flow\">\n<figure class=\"wp-block-image size-large\"><img loading=\"lazy\" decoding=\"async\" width=\"819\" height=\"1024\" src=\"https:\/\/emer-mgmt.com\/wp-content\/uploads\/2025\/03\/29-819x1024.jpg\" alt=\"\" class=\"wp-image-699\" srcset=\"https:\/\/emer-mgmt.com\/wp-content\/uploads\/2025\/03\/29-819x1024.jpg 819w, https:\/\/emer-mgmt.com\/wp-content\/uploads\/2025\/03\/29-240x300.jpg 240w, https:\/\/emer-mgmt.com\/wp-content\/uploads\/2025\/03\/29.jpg 1080w\" sizes=\"auto, (max-width: 819px) 100vw, 819px\" \/><\/figure>\n\n\n\n<figure class=\"wp-block-image size-large\"><img loading=\"lazy\" decoding=\"async\" width=\"683\" height=\"1024\" src=\"https:\/\/emer-mgmt.com\/wp-content\/uploads\/2025\/03\/7-1-683x1024.jpg\" alt=\"\" class=\"wp-image-703\" style=\"aspect-ratio:3\/4;object-fit:cover\" srcset=\"https:\/\/emer-mgmt.com\/wp-content\/uploads\/2025\/03\/7-1-683x1024.jpg 683w, https:\/\/emer-mgmt.com\/wp-content\/uploads\/2025\/03\/7-1-200x300.jpg 200w, https:\/\/emer-mgmt.com\/wp-content\/uploads\/2025\/03\/7-1-2000x3000.jpg 2000w, https:\/\/emer-mgmt.com\/wp-content\/uploads\/2025\/03\/7-1-scaled.jpg 1707w\" sizes=\"auto, (max-width: 683px) 100vw, 683px\" \/><\/figure>\n<\/div>\n\n\n\n<div class=\"wp-block-column is-layout-flow wp-block-column-is-layout-flow\">\n<figure class=\"wp-block-image size-large\"><img loading=\"lazy\" decoding=\"async\" width=\"683\" height=\"1024\" src=\"https:\/\/emer-mgmt.com\/wp-content\/uploads\/2025\/03\/6-683x1024.jpg\" alt=\"\" class=\"wp-image-694\" style=\"aspect-ratio:3\/4;object-fit:cover\" srcset=\"https:\/\/emer-mgmt.com\/wp-content\/uploads\/2025\/03\/6-683x1024.jpg 683w, https:\/\/emer-mgmt.com\/wp-content\/uploads\/2025\/03\/6-200x300.jpg 200w, https:\/\/emer-mgmt.com\/wp-content\/uploads\/2025\/03\/6-2000x3000.jpg 2000w, https:\/\/emer-mgmt.com\/wp-content\/uploads\/2025\/03\/6-scaled.jpg 1707w\" sizes=\"auto, (max-width: 683px) 100vw, 683px\" \/><\/figure>\n\n\n\n<figure class=\"wp-block-image size-large\"><img loading=\"lazy\" decoding=\"async\" width=\"683\" height=\"1024\" src=\"http:\/\/emer-mgmt.com\/wp-content\/uploads\/2025\/03\/18-2-683x1024.jpg\" alt=\"\" class=\"wp-image-698\" srcset=\"https:\/\/emer-mgmt.com\/wp-content\/uploads\/2025\/03\/18-2-683x1024.jpg 683w, https:\/\/emer-mgmt.com\/wp-content\/uploads\/2025\/03\/18-2-200x300.jpg 200w, https:\/\/emer-mgmt.com\/wp-content\/uploads\/2025\/03\/18-2-2000x3000.jpg 2000w, https:\/\/emer-mgmt.com\/wp-content\/uploads\/2025\/03\/18-2-scaled.jpg 1707w\" sizes=\"auto, (max-width: 683px) 100vw, 683px\" \/><\/figure>\n<\/div>\n<\/div>\n\n\n\n<div style=\"height:23px\" aria-hidden=\"true\" class=\"wp-block-spacer\"><\/div>\n\n\n\n<div class=\"wp-block-group alignfull has-background has-global-padding is-layout-constrained wp-block-group-is-layout-constrained\" style=\"background-color:#f791051f;padding-top:var(--wp--preset--spacing--small);padding-bottom:var(--wp--preset--spacing--small)\">\n<div class=\"wp-block-columns is-layout-flex wp-container-core-columns-is-layout-7db7aa3e wp-block-columns-is-layout-flex\" style=\"padding-right:0;padding-left:0\">\n<div class=\"wp-block-column is-vertically-aligned-center is-layout-flow wp-block-column-is-layout-flow\">\n<p class=\"has-text-align-center\">Po wygranej w programie Mateusz nie zwalnia tempa. Ju\u017c teraz pracuje nad swoim debiutanckim albumem, kt\u00f3ry ma szans\u0119 sta\u0107 si\u0119 prawdziwym hitem. Jego repertuar to mieszanka wsp\u00f3\u0142czesnych przeboj\u00f3w popowych z elementami muzyki rockowej, a tak\u017ce kilka niespodzianek, kt\u00f3re z pewno\u015bci\u0105 zaskocz\u0105 jego fan\u00f3w.<\/p>\n\n\n\n<div class=\"wp-block-buttons is-horizontal is-content-justification-center is-layout-flex wp-container-core-buttons-is-layout-03627597 wp-block-buttons-is-layout-flex\">\n<div class=\"wp-block-button is-style-outline is-style-outline--2\"><a class=\"wp-block-button__link wp-element-button\" href=\"https:\/\/www.youtube.com\/watch?v=NmDCgGnlYN0\" target=\"_blank\" rel=\"noreferrer noopener\">POS\u0141UCHAJ<\/a><\/div>\n<\/div>\n<\/div>\n\n\n\n<div class=\"wp-block-column is-layout-flow wp-block-column-is-layout-flow\">\n<figure class=\"wp-block-embed is-type-video is-provider-youtube wp-block-embed-youtube wp-embed-aspect-16-9 wp-has-aspect-ratio\"><div class=\"wp-block-embed__wrapper\">\n<iframe loading=\"lazy\" title=\"Mateusz Krzyka\u0142a - Samemu Sobie\" width=\"950\" height=\"534\" src=\"https:\/\/www.youtube.com\/embed\/NmDCgGnlYN0?feature=oembed\" frameborder=\"0\" allow=\"accelerometer; autoplay; clipboard-write; encrypted-media; gyroscope; picture-in-picture; web-share\" referrerpolicy=\"strict-origin-when-cross-origin\" allowfullscreen><\/iframe>\n<\/div><\/figure>\n<\/div>\n<\/div>\n<\/div>\n\n\n\n<div style=\"height:9px\" aria-hidden=\"true\" class=\"wp-block-spacer\"><\/div>\n\n\n\n<h2 class=\"wp-block-heading has-text-align-center has-primary-color has-text-color has-link-color wp-elements-9263424259ad895974d3e47cf85ec9a8\">SPRAWD\u0179 CO NOWEGO U MATIEGO<\/h2>\n\n\n\n<ul class=\"wp-block-social-links aligncenter is-style-logos-only is-layout-flex wp-block-social-links-is-layout-flex\"><li class=\"wp-social-link wp-social-link-instagram  wp-block-social-link\"><a href=\"https:\/\/www.instagram.com\/mati.krzykala\/\" class=\"wp-block-social-link-anchor\"><svg width=\"24\" height=\"24\" viewBox=\"0 0 24 24\" version=\"1.1\" xmlns=\"http:\/\/www.w3.org\/2000\/svg\" aria-hidden=\"true\" focusable=\"false\"><path d=\"M12,4.622c2.403,0,2.688,0.009,3.637,0.052c0.877,0.04,1.354,0.187,1.671,0.31c0.42,0.163,0.72,0.358,1.035,0.673 c0.315,0.315,0.51,0.615,0.673,1.035c0.123,0.317,0.27,0.794,0.31,1.671c0.043,0.949,0.052,1.234,0.052,3.637 s-0.009,2.688-0.052,3.637c-0.04,0.877-0.187,1.354-0.31,1.671c-0.163,0.42-0.358,0.72-0.673,1.035 c-0.315,0.315-0.615,0.51-1.035,0.673c-0.317,0.123-0.794,0.27-1.671,0.31c-0.949,0.043-1.233,0.052-3.637,0.052 s-2.688-0.009-3.637-0.052c-0.877-0.04-1.354-0.187-1.671-0.31c-0.42-0.163-0.72-0.358-1.035-0.673 c-0.315-0.315-0.51-0.615-0.673-1.035c-0.123-0.317-0.27-0.794-0.31-1.671C4.631,14.688,4.622,14.403,4.622,12 s0.009-2.688,0.052-3.637c0.04-0.877,0.187-1.354,0.31-1.671c0.163-0.42,0.358-0.72,0.673-1.035 c0.315-0.315,0.615-0.51,1.035-0.673c0.317-0.123,0.794-0.27,1.671-0.31C9.312,4.631,9.597,4.622,12,4.622 M12,3 C9.556,3,9.249,3.01,8.289,3.054C7.331,3.098,6.677,3.25,6.105,3.472C5.513,3.702,5.011,4.01,4.511,4.511 c-0.5,0.5-0.808,1.002-1.038,1.594C3.25,6.677,3.098,7.331,3.054,8.289C3.01,9.249,3,9.556,3,12c0,2.444,0.01,2.751,0.054,3.711 c0.044,0.958,0.196,1.612,0.418,2.185c0.23,0.592,0.538,1.094,1.038,1.594c0.5,0.5,1.002,0.808,1.594,1.038 c0.572,0.222,1.227,0.375,2.185,0.418C9.249,20.99,9.556,21,12,21s2.751-0.01,3.711-0.054c0.958-0.044,1.612-0.196,2.185-0.418 c0.592-0.23,1.094-0.538,1.594-1.038c0.5-0.5,0.808-1.002,1.038-1.594c0.222-0.572,0.375-1.227,0.418-2.185 C20.99,14.751,21,14.444,21,12s-0.01-2.751-0.054-3.711c-0.044-0.958-0.196-1.612-0.418-2.185c-0.23-0.592-0.538-1.094-1.038-1.594 c-0.5-0.5-1.002-0.808-1.594-1.038c-0.572-0.222-1.227-0.375-2.185-0.418C14.751,3.01,14.444,3,12,3L12,3z M12,7.378 c-2.552,0-4.622,2.069-4.622,4.622S9.448,16.622,12,16.622s4.622-2.069,4.622-4.622S14.552,7.378,12,7.378z M12,15 c-1.657,0-3-1.343-3-3s1.343-3,3-3s3,1.343,3,3S13.657,15,12,15z M16.804,6.116c-0.596,0-1.08,0.484-1.08,1.08 s0.484,1.08,1.08,1.08c0.596,0,1.08-0.484,1.08-1.08S17.401,6.116,16.804,6.116z\"><\/path><\/svg><span class=\"wp-block-social-link-label screen-reader-text\">Instagram<\/span><\/a><\/li>\n\n<li class=\"wp-social-link wp-social-link-youtube  wp-block-social-link\"><a href=\"https:\/\/www.youtube.com\/channel\/UC2MvuiDwha3XYlWgarpzLUg\" class=\"wp-block-social-link-anchor\"><svg width=\"24\" height=\"24\" viewBox=\"0 0 24 24\" version=\"1.1\" xmlns=\"http:\/\/www.w3.org\/2000\/svg\" aria-hidden=\"true\" focusable=\"false\"><path d=\"M21.8,8.001c0,0-0.195-1.378-0.795-1.985c-0.76-0.797-1.613-0.801-2.004-0.847c-2.799-0.202-6.997-0.202-6.997-0.202 h-0.009c0,0-4.198,0-6.997,0.202C4.608,5.216,3.756,5.22,2.995,6.016C2.395,6.623,2.2,8.001,2.2,8.001S2,9.62,2,11.238v1.517 c0,1.618,0.2,3.237,0.2,3.237s0.195,1.378,0.795,1.985c0.761,0.797,1.76,0.771,2.205,0.855c1.6,0.153,6.8,0.201,6.8,0.201 s4.203-0.006,7.001-0.209c0.391-0.047,1.243-0.051,2.004-0.847c0.6-0.607,0.795-1.985,0.795-1.985s0.2-1.618,0.2-3.237v-1.517 C22,9.62,21.8,8.001,21.8,8.001z M9.935,14.594l-0.001-5.62l5.404,2.82L9.935,14.594z\"><\/path><\/svg><span class=\"wp-block-social-link-label screen-reader-text\">YouTube<\/span><\/a><\/li>\n\n<li class=\"wp-social-link wp-social-link-spotify  wp-block-social-link\"><a href=\"https:\/\/open.spotify.com\/artist\/4H56MbXbmsL2TfrpsmoTJh\" class=\"wp-block-social-link-anchor\"><svg width=\"24\" height=\"24\" viewBox=\"0 0 24 24\" version=\"1.1\" xmlns=\"http:\/\/www.w3.org\/2000\/svg\" aria-hidden=\"true\" focusable=\"false\"><path d=\"M12,2C6.477,2,2,6.477,2,12c0,5.523,4.477,10,10,10c5.523,0,10-4.477,10-10C22,6.477,17.523,2,12,2 M16.586,16.424 c-0.18,0.295-0.563,0.387-0.857,0.207c-2.348-1.435-5.304-1.76-8.785-0.964c-0.335,0.077-0.67-0.133-0.746-0.469 c-0.077-0.335,0.132-0.67,0.469-0.746c3.809-0.871,7.077-0.496,9.713,1.115C16.673,15.746,16.766,16.13,16.586,16.424 M17.81,13.7 c-0.226,0.367-0.706,0.482-1.072,0.257c-2.687-1.652-6.785-2.131-9.965-1.166C6.36,12.917,5.925,12.684,5.8,12.273 C5.675,11.86,5.908,11.425,6.32,11.3c3.632-1.102,8.147-0.568,11.234,1.328C17.92,12.854,18.035,13.335,17.81,13.7 M17.915,10.865 c-3.223-1.914-8.54-2.09-11.618-1.156C5.804,9.859,5.281,9.58,5.131,9.086C4.982,8.591,5.26,8.069,5.755,7.919 c3.532-1.072,9.404-0.865,13.115,1.338c0.445,0.264,0.59,0.838,0.327,1.282C18.933,10.983,18.359,11.129,17.915,10.865\"><\/path><\/svg><span class=\"wp-block-social-link-label screen-reader-text\">Spotify<\/span><\/a><\/li>\n\n<li class=\"wp-social-link wp-social-link-tiktok  wp-block-social-link\"><a href=\"https:\/\/www.tiktok.com\/@mati.krzykala\" class=\"wp-block-social-link-anchor\"><svg width=\"24\" height=\"24\" viewBox=\"0 0 32 32\" version=\"1.1\" xmlns=\"http:\/\/www.w3.org\/2000\/svg\" aria-hidden=\"true\" focusable=\"false\"><path d=\"M16.708 0.027c1.745-0.027 3.48-0.011 5.213-0.027 0.105 2.041 0.839 4.12 2.333 5.563 1.491 1.479 3.6 2.156 5.652 2.385v5.369c-1.923-0.063-3.855-0.463-5.6-1.291-0.76-0.344-1.468-0.787-2.161-1.24-0.009 3.896 0.016 7.787-0.025 11.667-0.104 1.864-0.719 3.719-1.803 5.255-1.744 2.557-4.771 4.224-7.88 4.276-1.907 0.109-3.812-0.411-5.437-1.369-2.693-1.588-4.588-4.495-4.864-7.615-0.032-0.667-0.043-1.333-0.016-1.984 0.24-2.537 1.495-4.964 3.443-6.615 2.208-1.923 5.301-2.839 8.197-2.297 0.027 1.975-0.052 3.948-0.052 5.923-1.323-0.428-2.869-0.308-4.025 0.495-0.844 0.547-1.485 1.385-1.819 2.333-0.276 0.676-0.197 1.427-0.181 2.145 0.317 2.188 2.421 4.027 4.667 3.828 1.489-0.016 2.916-0.88 3.692-2.145 0.251-0.443 0.532-0.896 0.547-1.417 0.131-2.385 0.079-4.76 0.095-7.145 0.011-5.375-0.016-10.735 0.025-16.093z\" \/><\/svg><span class=\"wp-block-social-link-label screen-reader-text\">TikTok<\/span><\/a><\/li><\/ul>\n\n\n\n<div style=\"height:5px\" aria-hidden=\"true\" class=\"wp-block-spacer\"><\/div>\n\n\n\n<div style=\"height:20px\" aria-hidden=\"true\" class=\"wp-block-spacer\"><\/div>\n\n\n\n<div class=\"wp-block-cover alignfull has-parallax is-position-center-center wp-duotone-unset-4\" style=\"border-radius:0px\"><span aria-hidden=\"true\" class=\"wp-block-cover__background has-black-background-color has-background-dim-40 has-background-dim\"><\/span><div class=\"wp-block-cover__image-background wp-image-28 has-parallax\" style=\"background-position:50% 50%;background-image:url(http:\/\/emer-mgmt.com\/wp-content\/uploads\/2024\/01\/cropped-88EEF7CF-411F-4306-80D4-65C4418B34F0-1.jpg)\"><\/div><div class=\"wp-block-cover__inner-container is-layout-flow wp-block-cover-is-layout-flow\">\n<div class=\"wp-block-group has-global-padding is-layout-constrained wp-block-group-is-layout-constrained\">\n<h3 class=\"wp-block-heading has-text-align-center has-text-color has-medium-font-size\" style=\"color:#fffffa;text-transform:uppercase\">LET&#8217;S CONNECT!<\/h3>\n\n\n\n<p class=\"has-text-align-center\">Oferujemy pe\u0142ne wsparcie organizacyjne i elastyczno\u015b\u0107 dostosowania do Waszych potrzeb i wymaga\u0144 klient\u00f3w. <br>Pozw\u00f3lcie, \u017ce razem stworzymy niezapomniane wydarzenie. Gotowi do dzia\u0142ania czekamy na Wasze pytania i propozycje.<\/p>\n\n\n\n<div style=\"height:31px\" aria-hidden=\"true\" class=\"wp-block-spacer\"><\/div>\n\n\n\n<div class=\"wp-block-buttons is-horizontal is-content-justification-center is-layout-flex wp-container-core-buttons-is-layout-03627597 wp-block-buttons-is-layout-flex\">\n<div class=\"wp-block-button is-style-outline is-style-outline--3\"><a class=\"wp-block-button__link has-white-color has-text-color wp-element-button\" href=\"https:\/\/emer-mgmt.com\/index.php\/kontakt-2\/\" style=\"border-radius:0px\">CONTACT NOW<\/a><\/div>\n<\/div>\n<\/div>\n<\/div><\/div>\n","protected":false},"excerpt":{"rendered":"<p>Po wygranej w programie Mateusz nie zwalnia tempa. Ju\u017c teraz pracuje nad swoim debiutanckim albumem, kt\u00f3ry ma szans\u0119 sta\u0107 si\u0119 prawdziwym hitem. Jego repertuar to mieszanka wsp\u00f3\u0142czesnych przeboj\u00f3w popowych z elementami muzyki rockowej, a tak\u017ce kilka niespodzianek, kt\u00f3re z pewno\u015bci\u0105 zaskocz\u0105 jego fan\u00f3w. SPRAWD\u0179 CO NOWEGO U MATIEGO<\/p>\n","protected":false},"author":1,"featured_media":566,"parent":0,"menu_order":0,"comment_status":"closed","ping_status":"closed","template":"","meta":{"footnotes":""},"class_list":["post-541","page","type-page","status-publish","has-post-thumbnail","hentry"],"featured_media_urls":{"thumbnail":["https:\/\/emer-mgmt.com\/wp-content\/uploads\/2024\/05\/Mateusz-Krzykala_EMER-150x150.jpg",150,150,true],"medium":["https:\/\/emer-mgmt.com\/wp-content\/uploads\/2024\/05\/Mateusz-Krzykala_EMER-300x113.jpg",300,113,true],"medium_large":["https:\/\/emer-mgmt.com\/wp-content\/uploads\/2024\/05\/Mateusz-Krzykala_EMER.jpg",768,288,false],"large":["https:\/\/emer-mgmt.com\/wp-content\/uploads\/2024\/05\/Mateusz-Krzykala_EMER-1024x384.jpg",950,356,true],"1536x1536":["https:\/\/emer-mgmt.com\/wp-content\/uploads\/2024\/05\/Mateusz-Krzykala_EMER-1536x576.jpg",1536,576,true],"2048x2048":["https:\/\/emer-mgmt.com\/wp-content\/uploads\/2024\/05\/Mateusz-Krzykala_EMER.jpg",1917,719,false],"inspiro-featured-image":["https:\/\/emer-mgmt.com\/wp-content\/uploads\/2024\/05\/Mateusz-Krzykala_EMER.jpg",1917,719,false],"inspiro-loop":["https:\/\/emer-mgmt.com\/wp-content\/uploads\/2024\/05\/Mateusz-Krzykala_EMER-950x320.jpg",950,320,true],"inspiro-loop@2x":["https:\/\/emer-mgmt.com\/wp-content\/uploads\/2024\/05\/Mateusz-Krzykala_EMER-1900x640.jpg",1900,640,true],"portfolio_item-thumbnail":["https:\/\/emer-mgmt.com\/wp-content\/uploads\/2024\/05\/Mateusz-Krzykala_EMER-600x400.jpg",600,400,true],"portfolio_item-thumbnail@2x":["https:\/\/emer-mgmt.com\/wp-content\/uploads\/2024\/05\/Mateusz-Krzykala_EMER-1200x719.jpg",1200,719,true],"portfolio_item-masonry":["https:\/\/emer-mgmt.com\/wp-content\/uploads\/2024\/05\/Mateusz-Krzykala_EMER-600x225.jpg",600,225,true],"portfolio_item-masonry@2x":["https:\/\/emer-mgmt.com\/wp-content\/uploads\/2024\/05\/Mateusz-Krzykala_EMER-1200x450.jpg",1200,450,true],"portfolio_item-thumbnail_cinema":["https:\/\/emer-mgmt.com\/wp-content\/uploads\/2024\/05\/Mateusz-Krzykala_EMER-800x335.jpg",800,335,true],"portfolio_item-thumbnail_portrait":["https:\/\/emer-mgmt.com\/wp-content\/uploads\/2024\/05\/Mateusz-Krzykala_EMER-600x719.jpg",600,719,true],"portfolio_item-thumbnail_portrait@2x":["https:\/\/emer-mgmt.com\/wp-content\/uploads\/2024\/05\/Mateusz-Krzykala_EMER-1200x719.jpg",1200,719,true],"portfolio_item-thumbnail_square":["https:\/\/emer-mgmt.com\/wp-content\/uploads\/2024\/05\/Mateusz-Krzykala_EMER-800x719.jpg",800,719,true]},"_links":{"self":[{"href":"https:\/\/emer-mgmt.com\/index.php\/wp-json\/wp\/v2\/pages\/541","targetHints":{"allow":["GET"]}}],"collection":[{"href":"https:\/\/emer-mgmt.com\/index.php\/wp-json\/wp\/v2\/pages"}],"about":[{"href":"https:\/\/emer-mgmt.com\/index.php\/wp-json\/wp\/v2\/types\/page"}],"author":[{"embeddable":true,"href":"https:\/\/emer-mgmt.com\/index.php\/wp-json\/wp\/v2\/users\/1"}],"replies":[{"embeddable":true,"href":"https:\/\/emer-mgmt.com\/index.php\/wp-json\/wp\/v2\/comments?post=541"}],"version-history":[{"count":9,"href":"https:\/\/emer-mgmt.com\/index.php\/wp-json\/wp\/v2\/pages\/541\/revisions"}],"predecessor-version":[{"id":705,"href":"https:\/\/emer-mgmt.com\/index.php\/wp-json\/wp\/v2\/pages\/541\/revisions\/705"}],"wp:featuredmedia":[{"embeddable":true,"href":"https:\/\/emer-mgmt.com\/index.php\/wp-json\/wp\/v2\/media\/566"}],"wp:attachment":[{"href":"https:\/\/emer-mgmt.com\/index.php\/wp-json\/wp\/v2\/media?parent=541"}],"curies":[{"name":"wp","href":"https:\/\/api.w.org\/{rel}","templated":true}]}}