{"id":601,"date":"2024-07-01T13:59:36","date_gmt":"2024-07-01T13:59:36","guid":{"rendered":"https:\/\/emer-mgmt.com\/?page_id=601"},"modified":"2024-07-02T09:40:50","modified_gmt":"2024-07-02T09:40:50","slug":"redlips","status":"publish","type":"page","link":"https:\/\/emer-mgmt.com\/index.php\/redlips\/","title":{"rendered":"RED LIPS"},"content":{"rendered":"\n<p>Booking koncertowy we wsp\u00f3\u0142pracy z MOmusic<\/p>\n\n\n\n<div class=\"wp-block-columns is-layout-flex wp-container-core-columns-is-layout-28f84493 wp-block-columns-is-layout-flex\">\n<div class=\"wp-block-column is-layout-flow wp-block-column-is-layout-flow\">\n<div class=\"wp-block-cover\" style=\"min-height:490px;aspect-ratio:unset;\"><span aria-hidden=\"true\" class=\"wp-block-cover__background has-background-dim-10 has-background-dim\" style=\"background-color:#2f1f0f\"><\/span><img loading=\"lazy\" decoding=\"async\" width=\"1749\" height=\"1737\" class=\"wp-block-cover__image-background wp-image-602\" alt=\"\" src=\"https:\/\/emer-mgmt.com\/wp-content\/uploads\/2024\/07\/Zrzut-ekranu-2024-03-27-o-19.49.03-1.png\" data-object-fit=\"cover\" srcset=\"https:\/\/emer-mgmt.com\/wp-content\/uploads\/2024\/07\/Zrzut-ekranu-2024-03-27-o-19.49.03-1.png 1749w, https:\/\/emer-mgmt.com\/wp-content\/uploads\/2024\/07\/Zrzut-ekranu-2024-03-27-o-19.49.03-1-300x298.png 300w, https:\/\/emer-mgmt.com\/wp-content\/uploads\/2024\/07\/Zrzut-ekranu-2024-03-27-o-19.49.03-1-1024x1017.png 1024w, https:\/\/emer-mgmt.com\/wp-content\/uploads\/2024\/07\/Zrzut-ekranu-2024-03-27-o-19.49.03-1-150x150.png 150w\" sizes=\"auto, (max-width: 1749px) 100vw, 1749px\" \/><div class=\"wp-block-cover__inner-container is-layout-flow wp-block-cover-is-layout-flow\">\n<p class=\"has-text-align-center has-large-font-size\"><\/p>\n<\/div><\/div>\n<\/div>\n\n\n\n<div class=\"wp-block-column is-vertically-aligned-center is-layout-flow wp-block-column-is-layout-flow\">\n<div class=\"wp-block-group has-global-padding is-layout-constrained wp-block-group-is-layout-constrained\">\n<div class=\"wp-block-cover\" style=\"min-height:487px;aspect-ratio:unset;\"><span aria-hidden=\"true\" class=\"wp-block-cover__background has-background-dim\"><\/span><div class=\"wp-block-cover__inner-container is-layout-flow wp-block-cover-is-layout-flow\">\n<div class=\"wp-block-group has-global-padding is-layout-constrained wp-block-group-is-layout-constrained\">\n<p>Zesp\u00f3\u0142 Red Lips w roku 2013 szturmem podbi\u0142 Polskie stacje radiowe hitem \u201eTo co nam by\u0142o\u201d. R\u00f3wnie\u017c single \u201eCzarne i bia\u0142e\u201d, \u201eZanim odejdziesz\u201d czy \u201eSzanta\u201d z debiutanckiego albumu osi\u0105gn\u0119\u0142y czo\u0142owe notowania na listach przeboj\u00f3w.<\/p>\n\n\n\n<p>W 2017 roku ukaza\u0142 si\u0119 ich drugi, studyjny album zatytu\u0142owany \u201eZmiana planu\u201d. Na listach przeboj\u00f3w zago\u015bci\u0142 nowy hit, \u201eP.S.&#8221;, kt\u00f3ry w zaledwie kilka tygodni zosta\u0142 odtworzony w serwisie You Tube 3 000 000 razy i zdoby\u0142 status \u201eZ\u0142otego singla\u201d.<\/p>\n\n\n\n<p>W 2018 roku wokalistka zespo\u0142u, Ruda, wzi\u0119\u0142a udzia\u0142 w 9 edycji programu &#8220;Twoja Twarz Brzmi Znajomo&#8221;, pokazuj\u0105c fanom zupe\u0142nie now\u0105 stron\u0119 swojej osobowo\u015bci artystycznej. Ruda nie zwalniaj\u0105c tempa wesz\u0142a w jesie\u0144 2019 tanecznym krokiem bior\u0105c udzia\u0142 w 10 edycji Ta\u0144ca z Gwiazdami.<\/p>\n\n\n\n<p>Red Lips to zesp\u00f3\u0142 o niezaprzeczalnym talencie, kt\u00f3ry zas\u0142uguje na uwag\u0119 ka\u017cdego mi\u0142o\u015bnika muzyki rockowej i nie tylko. Ich koncerty to prawdziwe muzyczne wydarzenia.<\/p>\n<\/div>\n\n\n\n<div class=\"wp-block-buttons is-horizontal is-content-justification-center is-layout-flex wp-container-core-buttons-is-layout-03627597 wp-block-buttons-is-layout-flex\">\n<div class=\"wp-block-button is-style-outline is-style-outline--1\"><a class=\"wp-block-button__link has-text-align-center wp-element-button\" href=\"https:\/\/www.youtube.com\/@RedLipsChannelPoland\" target=\"_blank\" rel=\"noreferrer noopener\">POS\u0141UCHAJ<\/a><\/div>\n<\/div>\n<\/div><\/div>\n<\/div>\n<\/div>\n<\/div>\n\n\n\n<div class=\"wp-block-group has-global-padding is-layout-constrained wp-block-group-is-layout-constrained\">\n<div class=\"wp-block-group has-global-padding is-layout-constrained wp-block-group-is-layout-constrained\">\n<div class=\"wp-block-columns is-layout-flex wp-container-core-columns-is-layout-28f84493 wp-block-columns-is-layout-flex\">\n<div class=\"wp-block-column is-layout-flow wp-block-column-is-layout-flow\">\n<figure class=\"wp-block-image size-large\"><img loading=\"lazy\" decoding=\"async\" width=\"567\" height=\"1024\" src=\"http:\/\/emer-mgmt.com\/wp-content\/uploads\/2024\/07\/257165290_862487954462937_8940937783496080481_n-2-3-567x1024.png\" alt=\"\" class=\"wp-image-611\" srcset=\"https:\/\/emer-mgmt.com\/wp-content\/uploads\/2024\/07\/257165290_862487954462937_8940937783496080481_n-2-3-567x1024.png 567w, https:\/\/emer-mgmt.com\/wp-content\/uploads\/2024\/07\/257165290_862487954462937_8940937783496080481_n-2-3-166x300.png 166w, https:\/\/emer-mgmt.com\/wp-content\/uploads\/2024\/07\/257165290_862487954462937_8940937783496080481_n-2-3.png 668w\" sizes=\"auto, (max-width: 567px) 100vw, 567px\" \/><\/figure>\n<\/div>\n\n\n\n<div class=\"wp-block-column is-vertically-aligned-center is-layout-flow wp-block-column-is-layout-flow\">\n<figure class=\"wp-block-image aligncenter size-large\"><img loading=\"lazy\" decoding=\"async\" width=\"1021\" height=\"1024\" src=\"https:\/\/emer-mgmt.com\/wp-content\/uploads\/2024\/07\/Zrzut-ekranu-2024-03-27-o-19.48.39-1-1021x1024.png\" alt=\"\" class=\"wp-image-610\" srcset=\"https:\/\/emer-mgmt.com\/wp-content\/uploads\/2024\/07\/Zrzut-ekranu-2024-03-27-o-19.48.39-1-1021x1024.png 1021w, https:\/\/emer-mgmt.com\/wp-content\/uploads\/2024\/07\/Zrzut-ekranu-2024-03-27-o-19.48.39-1-300x300.png 300w, https:\/\/emer-mgmt.com\/wp-content\/uploads\/2024\/07\/Zrzut-ekranu-2024-03-27-o-19.48.39-1-150x150.png 150w, https:\/\/emer-mgmt.com\/wp-content\/uploads\/2024\/07\/Zrzut-ekranu-2024-03-27-o-19.48.39-1.png 1606w\" sizes=\"auto, (max-width: 1021px) 100vw, 1021px\" \/><\/figure>\n\n\n\n<figure class=\"wp-block-image aligncenter size-large\"><img loading=\"lazy\" decoding=\"async\" width=\"1024\" height=\"554\" src=\"http:\/\/emer-mgmt.com\/wp-content\/uploads\/2024\/07\/Zrzut-ekranu-2024-03-27-o-20.09.03-1024x554.png\" alt=\"\" class=\"wp-image-608\" srcset=\"https:\/\/emer-mgmt.com\/wp-content\/uploads\/2024\/07\/Zrzut-ekranu-2024-03-27-o-20.09.03-1024x554.png 1024w, https:\/\/emer-mgmt.com\/wp-content\/uploads\/2024\/07\/Zrzut-ekranu-2024-03-27-o-20.09.03-300x162.png 300w, https:\/\/emer-mgmt.com\/wp-content\/uploads\/2024\/07\/Zrzut-ekranu-2024-03-27-o-20.09.03-2000x1083.png 2000w\" sizes=\"auto, (max-width: 1024px) 100vw, 1024px\" \/><\/figure>\n<\/div>\n\n\n\n<div class=\"wp-block-column is-layout-flow wp-block-column-is-layout-flow\">\n<figure class=\"wp-block-image size-large\"><img loading=\"lazy\" decoding=\"async\" width=\"566\" height=\"1024\" src=\"https:\/\/emer-mgmt.com\/wp-content\/uploads\/2024\/07\/257165290_862487954462937_8940937783496080481_n-4-1-566x1024.png\" alt=\"\" class=\"wp-image-612\" srcset=\"https:\/\/emer-mgmt.com\/wp-content\/uploads\/2024\/07\/257165290_862487954462937_8940937783496080481_n-4-1-566x1024.png 566w, https:\/\/emer-mgmt.com\/wp-content\/uploads\/2024\/07\/257165290_862487954462937_8940937783496080481_n-4-1-166x300.png 166w, https:\/\/emer-mgmt.com\/wp-content\/uploads\/2024\/07\/257165290_862487954462937_8940937783496080481_n-4-1.png 667w\" sizes=\"auto, (max-width: 566px) 100vw, 566px\" \/><\/figure>\n<\/div>\n<\/div>\n<\/div>\n<\/div>\n\n\n\n<div class=\"wp-block-columns is-layout-flex wp-container-core-columns-is-layout-28f84493 wp-block-columns-is-layout-flex\">\n<div class=\"wp-block-column is-layout-flow wp-block-column-is-layout-flow\" style=\"flex-basis:100%\">\n<div class=\"wp-block-group has-foreground-background-color has-background has-global-padding is-layout-constrained wp-block-group-is-layout-constrained\">\n<div class=\"wp-block-columns is-layout-flex wp-container-core-columns-is-layout-28f84493 wp-block-columns-is-layout-flex\">\n<div class=\"wp-block-column is-layout-flow wp-block-column-is-layout-flow\">\n<figure class=\"wp-block-image aligncenter size-large is-resized\"><img decoding=\"async\" src=\"http:\/\/emer-mgmt.com\/wp-content\/uploads\/2024\/07\/RED-LIPS-1-e1719840834124-1024x1008.jpg\" alt=\"\" class=\"wp-image-614\" style=\"width:439px;height:auto\"\/><\/figure>\n<\/div>\n\n\n\n<div class=\"wp-block-column is-layout-flow wp-block-column-is-layout-flow\">\n<figure class=\"wp-block-image aligncenter size-large is-resized\"><img loading=\"lazy\" decoding=\"async\" width=\"895\" height=\"1024\" src=\"http:\/\/emer-mgmt.com\/wp-content\/uploads\/2024\/07\/RED-LIPS-2-e1719841042171-895x1024.jpg\" alt=\"\" class=\"wp-image-615\" style=\"width:400px;height:auto\"\/><\/figure>\n<\/div>\n<\/div>\n<\/div>\n<\/div>\n<\/div>\n\n\n\n<div class=\"wp-block-group alignfull has-foreground-background-color has-background has-global-padding is-layout-constrained wp-block-group-is-layout-constrained\" style=\"padding-top:var(--wp--preset--spacing--small);padding-bottom:var(--wp--preset--spacing--small)\">\n<div class=\"wp-block-columns is-layout-flex wp-container-core-columns-is-layout-7db7aa3e wp-block-columns-is-layout-flex\" style=\"padding-right:0;padding-left:0\">\n<div class=\"wp-block-column is-vertically-aligned-center has-white-color has-text-color has-link-color wp-elements-c0453b498a6f5d4c759ae1e3a65bc8da is-layout-flow wp-block-column-is-layout-flow\">\n<p class=\"has-text-align-center\">8 listopada 2019 odby\u0142a si\u0119 premiera nowego albumu Red Lips, \u201eJA WAM ZATA\u0143CZ\u0118\u201d! Trzeci studyjny album niesie zupe\u0142nie now\u0105 jako\u015b\u0107 &#8211; zar\u00f3wno dla zespo\u0142u jak i jego s\u0142uchaczy.<\/p>\n\n\n\n<p class=\"has-text-align-center\">Najnowsze utwory to magnetyzuj\u0105ce brzmienie i niezwyk\u0142a szczero\u015b\u0107 przekazu. Po dobrze przyj\u0119tej&nbsp; piosence &#8220;Dzika rzeka&#8221;, Red Lips zwraca si\u0119 do kobiet w kolejnym singlu &#8220;Kochana Rycz&#8221;.<\/p>\n\n\n\n<div class=\"wp-block-buttons is-horizontal is-content-justification-center is-layout-flex wp-container-core-buttons-is-layout-03627597 wp-block-buttons-is-layout-flex\">\n<div class=\"wp-block-button is-style-outline is-style-outline--2\"><a class=\"wp-block-button__link has-white-color has-tertiary-background-color has-text-color has-background has-link-color wp-element-button\" href=\"https:\/\/www.youtube.com\/watch?v=5Is2SsOWaBY\" target=\"_blank\" rel=\"noreferrer noopener\">POS\u0141UCHAJ<\/a><\/div>\n<\/div>\n<\/div>\n\n\n\n<div class=\"wp-block-column is-vertically-aligned-center is-layout-flow wp-block-column-is-layout-flow\">\n<figure class=\"wp-block-embed aligncenter is-type-video is-provider-youtube wp-block-embed-youtube wp-embed-aspect-16-9 wp-has-aspect-ratio\"><div class=\"wp-block-embed__wrapper\">\n<iframe loading=\"lazy\" title=\"RED LIPS - &quot;Kochana Rycz!&quot; (official video)\" width=\"950\" height=\"534\" src=\"https:\/\/www.youtube.com\/embed\/5Is2SsOWaBY?feature=oembed\" frameborder=\"0\" allow=\"accelerometer; autoplay; clipboard-write; encrypted-media; gyroscope; picture-in-picture; web-share\" referrerpolicy=\"strict-origin-when-cross-origin\" allowfullscreen><\/iframe>\n<\/div><\/figure>\n<\/div>\n<\/div>\n<\/div>\n\n\n\n<h2 class=\"wp-block-heading has-text-align-center has-primary-color has-text-color has-link-color wp-elements-ed6cb4ed7402865c3d72813ea97607cb\">B\u0104D\u0179 NA BIE\u017b\u0104CO Z REDLIPS<\/h2>\n\n\n\n<ul class=\"wp-block-social-links aligncenter has-visible-labels is-style-logos-only is-layout-flex wp-block-social-links-is-layout-flex\"><li class=\"wp-social-link wp-social-link-facebook  wp-block-social-link\"><a rel=\"noopener nofollow\" target=\"_blank\" href=\"https:\/\/www.facebook.com\/RedLipsMusic\" class=\"wp-block-social-link-anchor\"><svg width=\"24\" height=\"24\" viewBox=\"0 0 24 24\" version=\"1.1\" xmlns=\"http:\/\/www.w3.org\/2000\/svg\" aria-hidden=\"true\" focusable=\"false\"><path d=\"M12 2C6.5 2 2 6.5 2 12c0 5 3.7 9.1 8.4 9.9v-7H7.9V12h2.5V9.8c0-2.5 1.5-3.9 3.8-3.9 1.1 0 2.2.2 2.2.2v2.5h-1.3c-1.2 0-1.6.8-1.6 1.6V12h2.8l-.4 2.9h-2.3v7C18.3 21.1 22 17 22 12c0-5.5-4.5-10-10-10z\"><\/path><\/svg><span class=\"wp-block-social-link-label\">Facebook<\/span><\/a><\/li>\n\n<li class=\"wp-social-link wp-social-link-instagram  wp-block-social-link\"><a rel=\"noopener nofollow\" target=\"_blank\" href=\"https:\/\/www.instagram.com\/redlipsmusic\/\" class=\"wp-block-social-link-anchor\"><svg width=\"24\" height=\"24\" viewBox=\"0 0 24 24\" version=\"1.1\" xmlns=\"http:\/\/www.w3.org\/2000\/svg\" aria-hidden=\"true\" focusable=\"false\"><path d=\"M12,4.622c2.403,0,2.688,0.009,3.637,0.052c0.877,0.04,1.354,0.187,1.671,0.31c0.42,0.163,0.72,0.358,1.035,0.673 c0.315,0.315,0.51,0.615,0.673,1.035c0.123,0.317,0.27,0.794,0.31,1.671c0.043,0.949,0.052,1.234,0.052,3.637 s-0.009,2.688-0.052,3.637c-0.04,0.877-0.187,1.354-0.31,1.671c-0.163,0.42-0.358,0.72-0.673,1.035 c-0.315,0.315-0.615,0.51-1.035,0.673c-0.317,0.123-0.794,0.27-1.671,0.31c-0.949,0.043-1.233,0.052-3.637,0.052 s-2.688-0.009-3.637-0.052c-0.877-0.04-1.354-0.187-1.671-0.31c-0.42-0.163-0.72-0.358-1.035-0.673 c-0.315-0.315-0.51-0.615-0.673-1.035c-0.123-0.317-0.27-0.794-0.31-1.671C4.631,14.688,4.622,14.403,4.622,12 s0.009-2.688,0.052-3.637c0.04-0.877,0.187-1.354,0.31-1.671c0.163-0.42,0.358-0.72,0.673-1.035 c0.315-0.315,0.615-0.51,1.035-0.673c0.317-0.123,0.794-0.27,1.671-0.31C9.312,4.631,9.597,4.622,12,4.622 M12,3 C9.556,3,9.249,3.01,8.289,3.054C7.331,3.098,6.677,3.25,6.105,3.472C5.513,3.702,5.011,4.01,4.511,4.511 c-0.5,0.5-0.808,1.002-1.038,1.594C3.25,6.677,3.098,7.331,3.054,8.289C3.01,9.249,3,9.556,3,12c0,2.444,0.01,2.751,0.054,3.711 c0.044,0.958,0.196,1.612,0.418,2.185c0.23,0.592,0.538,1.094,1.038,1.594c0.5,0.5,1.002,0.808,1.594,1.038 c0.572,0.222,1.227,0.375,2.185,0.418C9.249,20.99,9.556,21,12,21s2.751-0.01,3.711-0.054c0.958-0.044,1.612-0.196,2.185-0.418 c0.592-0.23,1.094-0.538,1.594-1.038c0.5-0.5,0.808-1.002,1.038-1.594c0.222-0.572,0.375-1.227,0.418-2.185 C20.99,14.751,21,14.444,21,12s-0.01-2.751-0.054-3.711c-0.044-0.958-0.196-1.612-0.418-2.185c-0.23-0.592-0.538-1.094-1.038-1.594 c-0.5-0.5-1.002-0.808-1.594-1.038c-0.572-0.222-1.227-0.375-2.185-0.418C14.751,3.01,14.444,3,12,3L12,3z M12,7.378 c-2.552,0-4.622,2.069-4.622,4.622S9.448,16.622,12,16.622s4.622-2.069,4.622-4.622S14.552,7.378,12,7.378z M12,15 c-1.657,0-3-1.343-3-3s1.343-3,3-3s3,1.343,3,3S13.657,15,12,15z M16.804,6.116c-0.596,0-1.08,0.484-1.08,1.08 s0.484,1.08,1.08,1.08c0.596,0,1.08-0.484,1.08-1.08S17.401,6.116,16.804,6.116z\"><\/path><\/svg><span class=\"wp-block-social-link-label\">Instagram<\/span><\/a><\/li>\n\n<li class=\"wp-social-link wp-social-link-youtube  wp-block-social-link\"><a rel=\"noopener nofollow\" target=\"_blank\" href=\"https:\/\/www.youtube.com\/@RedLipsChannelPoland\" class=\"wp-block-social-link-anchor\"><svg width=\"24\" height=\"24\" viewBox=\"0 0 24 24\" version=\"1.1\" xmlns=\"http:\/\/www.w3.org\/2000\/svg\" aria-hidden=\"true\" focusable=\"false\"><path d=\"M21.8,8.001c0,0-0.195-1.378-0.795-1.985c-0.76-0.797-1.613-0.801-2.004-0.847c-2.799-0.202-6.997-0.202-6.997-0.202 h-0.009c0,0-4.198,0-6.997,0.202C4.608,5.216,3.756,5.22,2.995,6.016C2.395,6.623,2.2,8.001,2.2,8.001S2,9.62,2,11.238v1.517 c0,1.618,0.2,3.237,0.2,3.237s0.195,1.378,0.795,1.985c0.761,0.797,1.76,0.771,2.205,0.855c1.6,0.153,6.8,0.201,6.8,0.201 s4.203-0.006,7.001-0.209c0.391-0.047,1.243-0.051,2.004-0.847c0.6-0.607,0.795-1.985,0.795-1.985s0.2-1.618,0.2-3.237v-1.517 C22,9.62,21.8,8.001,21.8,8.001z M9.935,14.594l-0.001-5.62l5.404,2.82L9.935,14.594z\"><\/path><\/svg><span class=\"wp-block-social-link-label\">YouTube<\/span><\/a><\/li>\n\n<li class=\"wp-social-link wp-social-link-spotify  wp-block-social-link\"><a rel=\"noopener nofollow\" target=\"_blank\" href=\"https:\/\/open.spotify.com\/artist\/3k7VvYK030ZB8XkLrbFX7M\" class=\"wp-block-social-link-anchor\"><svg width=\"24\" height=\"24\" viewBox=\"0 0 24 24\" version=\"1.1\" xmlns=\"http:\/\/www.w3.org\/2000\/svg\" aria-hidden=\"true\" focusable=\"false\"><path d=\"M12,2C6.477,2,2,6.477,2,12c0,5.523,4.477,10,10,10c5.523,0,10-4.477,10-10C22,6.477,17.523,2,12,2 M16.586,16.424 c-0.18,0.295-0.563,0.387-0.857,0.207c-2.348-1.435-5.304-1.76-8.785-0.964c-0.335,0.077-0.67-0.133-0.746-0.469 c-0.077-0.335,0.132-0.67,0.469-0.746c3.809-0.871,7.077-0.496,9.713,1.115C16.673,15.746,16.766,16.13,16.586,16.424 M17.81,13.7 c-0.226,0.367-0.706,0.482-1.072,0.257c-2.687-1.652-6.785-2.131-9.965-1.166C6.36,12.917,5.925,12.684,5.8,12.273 C5.675,11.86,5.908,11.425,6.32,11.3c3.632-1.102,8.147-0.568,11.234,1.328C17.92,12.854,18.035,13.335,17.81,13.7 M17.915,10.865 c-3.223-1.914-8.54-2.09-11.618-1.156C5.804,9.859,5.281,9.58,5.131,9.086C4.982,8.591,5.26,8.069,5.755,7.919 c3.532-1.072,9.404-0.865,13.115,1.338c0.445,0.264,0.59,0.838,0.327,1.282C18.933,10.983,18.359,11.129,17.915,10.865\"><\/path><\/svg><span class=\"wp-block-social-link-label\">Spotify<\/span><\/a><\/li>\n\n<li class=\"wp-social-link wp-social-link-tiktok  wp-block-social-link\"><a rel=\"noopener nofollow\" target=\"_blank\" href=\"https:\/\/www.tiktok.com\/@redlipsmusic\" class=\"wp-block-social-link-anchor\"><svg width=\"24\" height=\"24\" viewBox=\"0 0 32 32\" version=\"1.1\" xmlns=\"http:\/\/www.w3.org\/2000\/svg\" aria-hidden=\"true\" focusable=\"false\"><path d=\"M16.708 0.027c1.745-0.027 3.48-0.011 5.213-0.027 0.105 2.041 0.839 4.12 2.333 5.563 1.491 1.479 3.6 2.156 5.652 2.385v5.369c-1.923-0.063-3.855-0.463-5.6-1.291-0.76-0.344-1.468-0.787-2.161-1.24-0.009 3.896 0.016 7.787-0.025 11.667-0.104 1.864-0.719 3.719-1.803 5.255-1.744 2.557-4.771 4.224-7.88 4.276-1.907 0.109-3.812-0.411-5.437-1.369-2.693-1.588-4.588-4.495-4.864-7.615-0.032-0.667-0.043-1.333-0.016-1.984 0.24-2.537 1.495-4.964 3.443-6.615 2.208-1.923 5.301-2.839 8.197-2.297 0.027 1.975-0.052 3.948-0.052 5.923-1.323-0.428-2.869-0.308-4.025 0.495-0.844 0.547-1.485 1.385-1.819 2.333-0.276 0.676-0.197 1.427-0.181 2.145 0.317 2.188 2.421 4.027 4.667 3.828 1.489-0.016 2.916-0.88 3.692-2.145 0.251-0.443 0.532-0.896 0.547-1.417 0.131-2.385 0.079-4.76 0.095-7.145 0.011-5.375-0.016-10.735 0.025-16.093z\" \/><\/svg><span class=\"wp-block-social-link-label\">TikTok<\/span><\/a><\/li><\/ul>\n\n\n\n<div class=\"wp-block-group has-global-padding is-layout-constrained wp-block-group-is-layout-constrained\">\n<div class=\"wp-block-columns is-layout-flex wp-container-core-columns-is-layout-28f84493 wp-block-columns-is-layout-flex\">\n<div class=\"wp-block-column is-layout-flow wp-block-column-is-layout-flow\">\n<figure class=\"wp-block-embed aligncenter is-type-video is-provider-youtube wp-block-embed-youtube wp-embed-aspect-16-9 wp-has-aspect-ratio\"><div class=\"wp-block-embed__wrapper\">\n<iframe loading=\"lazy\" title=\"RED LIPS - To co nam by\u0142o (official video)\" width=\"950\" height=\"534\" src=\"https:\/\/www.youtube.com\/embed\/-oFvxGaaaYQ?feature=oembed\" frameborder=\"0\" allow=\"accelerometer; autoplay; clipboard-write; encrypted-media; gyroscope; picture-in-picture; web-share\" referrerpolicy=\"strict-origin-when-cross-origin\" allowfullscreen><\/iframe>\n<\/div><\/figure>\n<\/div>\n\n\n\n<div class=\"wp-block-column is-layout-flow wp-block-column-is-layout-flow\">\n<figure class=\"wp-block-embed aligncenter is-type-video is-provider-youtube wp-block-embed-youtube wp-embed-aspect-16-9 wp-has-aspect-ratio\"><div class=\"wp-block-embed__wrapper\">\n<iframe loading=\"lazy\" title=\"RED LIPS - Ja wam zatan\u0301cze\u0328 (official video)\" width=\"950\" height=\"534\" src=\"https:\/\/www.youtube.com\/embed\/w3EMLrtGE3Q?feature=oembed\" frameborder=\"0\" allow=\"accelerometer; autoplay; clipboard-write; encrypted-media; gyroscope; picture-in-picture; web-share\" referrerpolicy=\"strict-origin-when-cross-origin\" allowfullscreen><\/iframe>\n<\/div><\/figure>\n<\/div>\n\n\n\n<div class=\"wp-block-column is-layout-flow wp-block-column-is-layout-flow\">\n<figure class=\"wp-block-embed aligncenter is-type-video is-provider-youtube wp-block-embed-youtube wp-embed-aspect-16-9 wp-has-aspect-ratio\"><div class=\"wp-block-embed__wrapper\">\n<iframe loading=\"lazy\" title=\"RED LIPS - &quot;Cappuccino&quot; (official video)\" width=\"950\" height=\"534\" src=\"https:\/\/www.youtube.com\/embed\/X7WyAvQrV8k?start=2&#038;feature=oembed\" frameborder=\"0\" allow=\"accelerometer; autoplay; clipboard-write; encrypted-media; gyroscope; picture-in-picture; web-share\" referrerpolicy=\"strict-origin-when-cross-origin\" allowfullscreen><\/iframe>\n<\/div><\/figure>\n<\/div>\n<\/div>\n<\/div>\n\n\n\n<div class=\"wp-block-cover alignfull has-parallax is-position-center-center wp-duotone-unset-4\" style=\"border-radius:0px\"><span aria-hidden=\"true\" class=\"wp-block-cover__background has-black-background-color has-background-dim-40 has-background-dim\"><\/span><div class=\"wp-block-cover__image-background wp-image-28 has-parallax\" style=\"background-position:50% 50%;background-image:url(http:\/\/emer-mgmt.com\/wp-content\/uploads\/2024\/01\/cropped-88EEF7CF-411F-4306-80D4-65C4418B34F0-1.jpg)\"><\/div><div class=\"wp-block-cover__inner-container is-layout-flow wp-block-cover-is-layout-flow\">\n<div class=\"wp-block-group has-global-padding is-layout-constrained wp-block-group-is-layout-constrained\">\n<h3 class=\"wp-block-heading has-text-align-center has-text-color has-medium-font-size\" style=\"color:#fffffa;text-transform:uppercase\">LET&#8217;S CONNECT!<\/h3>\n\n\n\n<p class=\"has-text-align-center\">Oferujemy pe\u0142ne wsparcie organizacyjne i elastyczno\u015b\u0107 dostosowania do Waszych potrzeb i wymaga\u0144 klient\u00f3w. <br>Pozw\u00f3lcie, \u017ce razem stworzymy niezapomniane wydarzenie. Gotowi do dzia\u0142ania czekamy na Wasze pytania i propozycje.<\/p>\n\n\n\n<div style=\"height:31px\" aria-hidden=\"true\" class=\"wp-block-spacer\"><\/div>\n\n\n\n<div class=\"wp-block-buttons is-horizontal is-content-justification-center is-layout-flex wp-container-core-buttons-is-layout-03627597 wp-block-buttons-is-layout-flex\">\n<div class=\"wp-block-button is-style-outline is-style-outline--3\"><a class=\"wp-block-button__link has-white-color has-text-color wp-element-button\" href=\"https:\/\/emer-mgmt.com\/index.php\/kontakt-2\/\" style=\"border-radius:0px\">CONTACT NOW<\/a><\/div>\n<\/div>\n<\/div>\n<\/div><\/div>\n","protected":false},"excerpt":{"rendered":"<p>Booking koncertowy we wsp\u00f3\u0142pracy z MOmusic 8 listopada 2019 odby\u0142a si\u0119 premiera nowego albumu Red Lips, \u201eJA WAM ZATA\u0143CZ\u0118\u201d! Trzeci studyjny album niesie zupe\u0142nie now\u0105 jako\u015b\u0107 &#8211; zar\u00f3wno dla zespo\u0142u jak i jego s\u0142uchaczy. Najnowsze utwory to magnetyzuj\u0105ce brzmienie i niezwyk\u0142a szczero\u015b\u0107 przekazu. Po dobrze przyj\u0119tej&nbsp; piosence &#8220;Dzika rzeka&#8221;, Red Lips zwraca si\u0119 do kobiet &hellip; <\/p>\n<p class=\"link-more\"><a href=\"https:\/\/emer-mgmt.com\/index.php\/redlips\/\" class=\"more-link\">Read more<span class=\"screen-reader-text\"> &#8220;RED LIPS&#8221;<\/span><\/a><\/p>\n","protected":false},"author":1,"featured_media":0,"parent":0,"menu_order":0,"comment_status":"closed","ping_status":"closed","template":"","meta":{"footnotes":""},"class_list":["post-601","page","type-page","status-publish","hentry"],"featured_media_urls":[],"_links":{"self":[{"href":"https:\/\/emer-mgmt.com\/index.php\/wp-json\/wp\/v2\/pages\/601","targetHints":{"allow":["GET"]}}],"collection":[{"href":"https:\/\/emer-mgmt.com\/index.php\/wp-json\/wp\/v2\/pages"}],"about":[{"href":"https:\/\/emer-mgmt.com\/index.php\/wp-json\/wp\/v2\/types\/page"}],"author":[{"embeddable":true,"href":"https:\/\/emer-mgmt.com\/index.php\/wp-json\/wp\/v2\/users\/1"}],"replies":[{"embeddable":true,"href":"https:\/\/emer-mgmt.com\/index.php\/wp-json\/wp\/v2\/comments?post=601"}],"version-history":[{"count":12,"href":"https:\/\/emer-mgmt.com\/index.php\/wp-json\/wp\/v2\/pages\/601\/revisions"}],"predecessor-version":[{"id":652,"href":"https:\/\/emer-mgmt.com\/index.php\/wp-json\/wp\/v2\/pages\/601\/revisions\/652"}],"wp:attachment":[{"href":"https:\/\/emer-mgmt.com\/index.php\/wp-json\/wp\/v2\/media?parent=601"}],"curies":[{"name":"wp","href":"https:\/\/api.w.org\/{rel}","templated":true}]}}