{"id":654,"date":"2024-07-08T09:53:55","date_gmt":"2024-07-08T09:53:55","guid":{"rendered":"https:\/\/emer-mgmt.com\/?page_id=654"},"modified":"2024-07-08T17:18:49","modified_gmt":"2024-07-08T17:18:49","slug":"marek-niedzielski","status":"publish","type":"page","link":"https:\/\/emer-mgmt.com\/index.php\/marek-niedzielski\/","title":{"rendered":"MAREK NIEDZIELSKI"},"content":{"rendered":"\n<div class=\"wp-block-columns is-layout-flex wp-container-core-columns-is-layout-28f84493 wp-block-columns-is-layout-flex\">\n<div class=\"wp-block-column is-layout-flow wp-block-column-is-layout-flow\">\n<div class=\"wp-block-cover is-light\" style=\"min-height:490px;aspect-ratio:unset;\"><span aria-hidden=\"true\" class=\"wp-block-cover__background has-background-dim-10 has-background-dim\" style=\"background-color:#2f1f0f\"><\/span><img decoding=\"async\" class=\"wp-block-cover__image-background wp-image-673\" alt=\"\" src=\"http:\/\/emer-mgmt.com\/wp-content\/uploads\/2024\/07\/B8A0621-kopia-1.jpg\" data-object-fit=\"cover\"\/><div class=\"wp-block-cover__inner-container is-layout-flow wp-block-cover-is-layout-flow\">\n<p class=\"has-text-align-center has-large-font-size\"><\/p>\n<\/div><\/div>\n<\/div>\n\n\n\n<div class=\"wp-block-column is-vertically-aligned-center is-layout-flow wp-block-column-is-layout-flow\">\n<div class=\"wp-block-group has-global-padding is-layout-constrained wp-block-group-is-layout-constrained\">\n<div class=\"wp-block-cover\" style=\"min-height:487px;aspect-ratio:unset;\"><span aria-hidden=\"true\" class=\"wp-block-cover__background has-background-dim\"><\/span><div class=\"wp-block-cover__inner-container is-layout-flow wp-block-cover-is-layout-flow\">\n<p><strong>Marek Niedzielski<\/strong> to wybitny muzyk, kt\u00f3ry w swojej tw\u00f3rczo\u015bci stawia na szczere i autentyczne emocje. Od 2019 roku idzie w\u0142asn\u0105 muzyczn\u0105 \u015bcie\u017ck\u0105, a jego podr\u00f3\u017c rozpocz\u0119\u0142a si\u0119 od wydania EP-ki &#8220;Pies&#8221;, a nast\u0119pnie debiutanckiego albumu &#8220;Aby do wiosny&#8221;, kt\u00f3ry zdefiniowa\u0142 jego styl jako indie z gitarowymi wstawkami. <\/p>\n\n\n\n<p>Marek jest ekstrawertykiem z introwertycznymi my\u015blami, kt\u00f3re nap\u0119dzaj\u0105 jego tw\u00f3rczo\u015b\u0107, charakteryzuj\u0105c\u0105 si\u0119 przemy\u015blanymi tekstami i g\u0142\u0119bok\u0105 relacj\u0105 z odbiorcami. W 2024 roku powr\u00f3ci\u0142 z singlem &#8220;Nast\u0119pna kolejka&#8221;, b\u0119d\u0105c wiernym w\u0142asnemu stylowi i organicznym brzmieniom.<\/p>\n\n\n\n<p>Marek ma na koncie wiele koncert\u00f3w m.in. na SOFAR Sounds, w studiu im. Agnieszki Osieckiej, oraz na wielu festiwalach.<\/p>\n\n\n\n<div class=\"wp-block-buttons is-horizontal is-content-justification-center is-layout-flex wp-container-core-buttons-is-layout-03627597 wp-block-buttons-is-layout-flex\">\n<div class=\"wp-block-button is-style-outline is-style-outline--1\"><a class=\"wp-block-button__link has-text-align-center wp-element-button\" href=\"https:\/\/www.youtube.com\/channel\/UCVIvWpTmCUesPA8Q9nI5sFQ\" target=\"_blank\" rel=\"noreferrer noopener\">POS\u0141UCHAJ<\/a><\/div>\n<\/div>\n<\/div><\/div>\n<\/div>\n<\/div>\n<\/div>\n\n\n\n<div class=\"wp-block-columns is-layout-flex wp-container-core-columns-is-layout-28f84493 wp-block-columns-is-layout-flex\">\n<div class=\"wp-block-column is-layout-flow wp-block-column-is-layout-flow\">\n<div class=\"wp-block-columns is-layout-flex wp-container-core-columns-is-layout-28f84493 wp-block-columns-is-layout-flex\">\n<div class=\"wp-block-column is-layout-flow wp-block-column-is-layout-flow\">\n<figure class=\"wp-block-image size-large\"><img loading=\"lazy\" decoding=\"async\" width=\"686\" height=\"1024\" src=\"http:\/\/emer-mgmt.com\/wp-content\/uploads\/2024\/07\/Zrzut-ekranu-2024-07-8-o-11.56.08-1-686x1024.png\" alt=\"\" class=\"wp-image-668\" srcset=\"https:\/\/emer-mgmt.com\/wp-content\/uploads\/2024\/07\/Zrzut-ekranu-2024-07-8-o-11.56.08-1-686x1024.png 686w, https:\/\/emer-mgmt.com\/wp-content\/uploads\/2024\/07\/Zrzut-ekranu-2024-07-8-o-11.56.08-1-201x300.png 201w, https:\/\/emer-mgmt.com\/wp-content\/uploads\/2024\/07\/Zrzut-ekranu-2024-07-8-o-11.56.08-1.png 1204w\" sizes=\"auto, (max-width: 686px) 100vw, 686px\" \/><\/figure>\n<\/div>\n\n\n\n<div class=\"wp-block-column is-layout-flow wp-block-column-is-layout-flow\">\n<figure class=\"wp-block-image size-large\"><img loading=\"lazy\" decoding=\"async\" width=\"1024\" height=\"598\" src=\"http:\/\/emer-mgmt.com\/wp-content\/uploads\/2024\/07\/35mm_bw_0031-1024x598.jpg\" alt=\"\" class=\"wp-image-657\" srcset=\"https:\/\/emer-mgmt.com\/wp-content\/uploads\/2024\/07\/35mm_bw_0031-1024x598.jpg 1024w, https:\/\/emer-mgmt.com\/wp-content\/uploads\/2024\/07\/35mm_bw_0031-300x175.jpg 300w, https:\/\/emer-mgmt.com\/wp-content\/uploads\/2024\/07\/35mm_bw_0031-2000x1169.jpg 2000w\" sizes=\"auto, (max-width: 1024px) 100vw, 1024px\" \/><\/figure>\n\n\n\n<figure class=\"wp-block-image size-large\"><img loading=\"lazy\" decoding=\"async\" width=\"1024\" height=\"768\" src=\"http:\/\/emer-mgmt.com\/wp-content\/uploads\/2024\/07\/448273905_18358055071098675_5277898144221485049_n-1024x768.jpg\" alt=\"\" class=\"wp-image-660\" srcset=\"https:\/\/emer-mgmt.com\/wp-content\/uploads\/2024\/07\/448273905_18358055071098675_5277898144221485049_n-1024x768.jpg 1024w, https:\/\/emer-mgmt.com\/wp-content\/uploads\/2024\/07\/448273905_18358055071098675_5277898144221485049_n-300x225.jpg 300w, https:\/\/emer-mgmt.com\/wp-content\/uploads\/2024\/07\/448273905_18358055071098675_5277898144221485049_n.jpg 1440w\" sizes=\"auto, (max-width: 1024px) 100vw, 1024px\" \/><\/figure>\n<\/div>\n\n\n\n<div class=\"wp-block-column is-layout-flow wp-block-column-is-layout-flow\">\n<figure class=\"wp-block-image aligncenter size-large\"><img loading=\"lazy\" decoding=\"async\" width=\"819\" height=\"1024\" src=\"https:\/\/emer-mgmt.com\/wp-content\/uploads\/2024\/07\/427987838_18338042776098675_9211928377043646962_n-1-819x1024.jpg\" alt=\"\" class=\"wp-image-674\" srcset=\"https:\/\/emer-mgmt.com\/wp-content\/uploads\/2024\/07\/427987838_18338042776098675_9211928377043646962_n-1-819x1024.jpg 819w, https:\/\/emer-mgmt.com\/wp-content\/uploads\/2024\/07\/427987838_18338042776098675_9211928377043646962_n-1-240x300.jpg 240w, https:\/\/emer-mgmt.com\/wp-content\/uploads\/2024\/07\/427987838_18338042776098675_9211928377043646962_n-1.jpg 1440w\" sizes=\"auto, (max-width: 819px) 100vw, 819px\" \/><\/figure>\n<\/div>\n<\/div>\n<\/div>\n<\/div>\n\n\n\n<div class=\"wp-block-group alignfull has-foreground-background-color has-background has-global-padding is-layout-constrained wp-block-group-is-layout-constrained\" style=\"padding-top:var(--wp--preset--spacing--small);padding-bottom:var(--wp--preset--spacing--small)\">\n<div class=\"wp-block-columns is-layout-flex wp-container-core-columns-is-layout-7db7aa3e wp-block-columns-is-layout-flex\" style=\"padding-right:0;padding-left:0\">\n<div class=\"wp-block-column is-vertically-aligned-center has-white-color has-text-color has-link-color wp-elements-b726a7b4b9959acc044487041d940f06 is-layout-flow wp-block-column-is-layout-flow\">\n<p class=\"has-text-align-center\">Nostalgiczne brzmienia piosenek <strong>Marka Niedzielskiego <\/strong>wielokrotnie przynosi\u0142y ukojenie. W najnowszym singlu &#8220;Najlepszy start&#8221; wokalista zdecydowa\u0142 si\u0119 opowiedzie\u0107 pi\u0119kn\u0105 w swojej prostocie, ale poruszaj\u0105c\u0105 histori\u0119 mi\u0142o\u015bci i jej pocz\u0105tkach, w kt\u00f3rych mo\u017cna si\u0119  zanurza\u0107 bez ko\u0144ca.<\/p>\n\n\n\n<div class=\"wp-block-buttons is-horizontal is-content-justification-center is-layout-flex wp-container-core-buttons-is-layout-03627597 wp-block-buttons-is-layout-flex\">\n<div class=\"wp-block-button is-style-outline is-style-outline--2\"><a class=\"wp-block-button__link has-white-color has-tertiary-background-color has-text-color has-background has-link-color wp-element-button\" href=\"https:\/\/www.youtube.com\/watch?v=XVZGBrPGD8k\" target=\"_blank\" rel=\"noreferrer noopener\">POS\u0141UCHAJ<\/a><\/div>\n<\/div>\n<\/div>\n\n\n\n<div class=\"wp-block-column is-vertically-aligned-center is-layout-flow wp-block-column-is-layout-flow\">\n<figure class=\"wp-block-embed aligncenter is-type-video is-provider-youtube wp-block-embed-youtube wp-embed-aspect-4-3 wp-has-aspect-ratio\"><div class=\"wp-block-embed__wrapper\">\n<iframe loading=\"lazy\" title=\"Marek Niedzielski - Najlepszy start [Official Video]\" width=\"950\" height=\"713\" src=\"https:\/\/www.youtube.com\/embed\/zT5BEkMLR7o?list=PLM1ombxrx-kWSOZ-clHtxb4MiLNVV7zyo\" frameborder=\"0\" allow=\"accelerometer; autoplay; clipboard-write; encrypted-media; gyroscope; picture-in-picture; web-share\" referrerpolicy=\"strict-origin-when-cross-origin\" allowfullscreen><\/iframe>\n<\/div><\/figure>\n<\/div>\n<\/div>\n<\/div>\n\n\n\n<h2 class=\"wp-block-heading has-text-align-center has-primary-color has-text-color has-link-color wp-elements-77d6de777e6d0f3cffdfb6c5eed8b762\">SPRAWD\u0179, CO NOWEGO U MARKA<\/h2>\n\n\n\n<ul class=\"wp-block-social-links aligncenter has-visible-labels is-style-logos-only is-layout-flex wp-block-social-links-is-layout-flex\"><li class=\"wp-social-link wp-social-link-facebook  wp-block-social-link\"><a rel=\"noopener nofollow\" target=\"_blank\" href=\"https:\/\/www.facebook.com\/marekniedzielskimusic?locale=pl_PL\" class=\"wp-block-social-link-anchor\"><svg width=\"24\" height=\"24\" viewBox=\"0 0 24 24\" version=\"1.1\" xmlns=\"http:\/\/www.w3.org\/2000\/svg\" aria-hidden=\"true\" focusable=\"false\"><path d=\"M12 2C6.5 2 2 6.5 2 12c0 5 3.7 9.1 8.4 9.9v-7H7.9V12h2.5V9.8c0-2.5 1.5-3.9 3.8-3.9 1.1 0 2.2.2 2.2.2v2.5h-1.3c-1.2 0-1.6.8-1.6 1.6V12h2.8l-.4 2.9h-2.3v7C18.3 21.1 22 17 22 12c0-5.5-4.5-10-10-10z\"><\/path><\/svg><span class=\"wp-block-social-link-label\">Facebook<\/span><\/a><\/li>\n\n<li class=\"wp-social-link wp-social-link-instagram  wp-block-social-link\"><a rel=\"noopener nofollow\" target=\"_blank\" href=\"https:\/\/www.instagram.com\/marekniedzielski\/\" class=\"wp-block-social-link-anchor\"><svg width=\"24\" height=\"24\" viewBox=\"0 0 24 24\" version=\"1.1\" xmlns=\"http:\/\/www.w3.org\/2000\/svg\" aria-hidden=\"true\" focusable=\"false\"><path d=\"M12,4.622c2.403,0,2.688,0.009,3.637,0.052c0.877,0.04,1.354,0.187,1.671,0.31c0.42,0.163,0.72,0.358,1.035,0.673 c0.315,0.315,0.51,0.615,0.673,1.035c0.123,0.317,0.27,0.794,0.31,1.671c0.043,0.949,0.052,1.234,0.052,3.637 s-0.009,2.688-0.052,3.637c-0.04,0.877-0.187,1.354-0.31,1.671c-0.163,0.42-0.358,0.72-0.673,1.035 c-0.315,0.315-0.615,0.51-1.035,0.673c-0.317,0.123-0.794,0.27-1.671,0.31c-0.949,0.043-1.233,0.052-3.637,0.052 s-2.688-0.009-3.637-0.052c-0.877-0.04-1.354-0.187-1.671-0.31c-0.42-0.163-0.72-0.358-1.035-0.673 c-0.315-0.315-0.51-0.615-0.673-1.035c-0.123-0.317-0.27-0.794-0.31-1.671C4.631,14.688,4.622,14.403,4.622,12 s0.009-2.688,0.052-3.637c0.04-0.877,0.187-1.354,0.31-1.671c0.163-0.42,0.358-0.72,0.673-1.035 c0.315-0.315,0.615-0.51,1.035-0.673c0.317-0.123,0.794-0.27,1.671-0.31C9.312,4.631,9.597,4.622,12,4.622 M12,3 C9.556,3,9.249,3.01,8.289,3.054C7.331,3.098,6.677,3.25,6.105,3.472C5.513,3.702,5.011,4.01,4.511,4.511 c-0.5,0.5-0.808,1.002-1.038,1.594C3.25,6.677,3.098,7.331,3.054,8.289C3.01,9.249,3,9.556,3,12c0,2.444,0.01,2.751,0.054,3.711 c0.044,0.958,0.196,1.612,0.418,2.185c0.23,0.592,0.538,1.094,1.038,1.594c0.5,0.5,1.002,0.808,1.594,1.038 c0.572,0.222,1.227,0.375,2.185,0.418C9.249,20.99,9.556,21,12,21s2.751-0.01,3.711-0.054c0.958-0.044,1.612-0.196,2.185-0.418 c0.592-0.23,1.094-0.538,1.594-1.038c0.5-0.5,0.808-1.002,1.038-1.594c0.222-0.572,0.375-1.227,0.418-2.185 C20.99,14.751,21,14.444,21,12s-0.01-2.751-0.054-3.711c-0.044-0.958-0.196-1.612-0.418-2.185c-0.23-0.592-0.538-1.094-1.038-1.594 c-0.5-0.5-1.002-0.808-1.594-1.038c-0.572-0.222-1.227-0.375-2.185-0.418C14.751,3.01,14.444,3,12,3L12,3z M12,7.378 c-2.552,0-4.622,2.069-4.622,4.622S9.448,16.622,12,16.622s4.622-2.069,4.622-4.622S14.552,7.378,12,7.378z M12,15 c-1.657,0-3-1.343-3-3s1.343-3,3-3s3,1.343,3,3S13.657,15,12,15z M16.804,6.116c-0.596,0-1.08,0.484-1.08,1.08 s0.484,1.08,1.08,1.08c0.596,0,1.08-0.484,1.08-1.08S17.401,6.116,16.804,6.116z\"><\/path><\/svg><span class=\"wp-block-social-link-label\">Instagram<\/span><\/a><\/li>\n\n<li class=\"wp-social-link wp-social-link-youtube  wp-block-social-link\"><a rel=\"noopener nofollow\" target=\"_blank\" href=\"https:\/\/www.youtube.com\/channel\/UCVIvWpTmCUesPA8Q9nI5sFQ\" class=\"wp-block-social-link-anchor\"><svg width=\"24\" height=\"24\" viewBox=\"0 0 24 24\" version=\"1.1\" xmlns=\"http:\/\/www.w3.org\/2000\/svg\" aria-hidden=\"true\" focusable=\"false\"><path d=\"M21.8,8.001c0,0-0.195-1.378-0.795-1.985c-0.76-0.797-1.613-0.801-2.004-0.847c-2.799-0.202-6.997-0.202-6.997-0.202 h-0.009c0,0-4.198,0-6.997,0.202C4.608,5.216,3.756,5.22,2.995,6.016C2.395,6.623,2.2,8.001,2.2,8.001S2,9.62,2,11.238v1.517 c0,1.618,0.2,3.237,0.2,3.237s0.195,1.378,0.795,1.985c0.761,0.797,1.76,0.771,2.205,0.855c1.6,0.153,6.8,0.201,6.8,0.201 s4.203-0.006,7.001-0.209c0.391-0.047,1.243-0.051,2.004-0.847c0.6-0.607,0.795-1.985,0.795-1.985s0.2-1.618,0.2-3.237v-1.517 C22,9.62,21.8,8.001,21.8,8.001z M9.935,14.594l-0.001-5.62l5.404,2.82L9.935,14.594z\"><\/path><\/svg><span class=\"wp-block-social-link-label\">YouTube<\/span><\/a><\/li>\n\n<li class=\"wp-social-link wp-social-link-spotify  wp-block-social-link\"><a rel=\"noopener nofollow\" target=\"_blank\" href=\"https:\/\/open.spotify.com\/artist\/3FSYJjsEavVFpzluaiqYoY\" class=\"wp-block-social-link-anchor\"><svg width=\"24\" height=\"24\" viewBox=\"0 0 24 24\" version=\"1.1\" xmlns=\"http:\/\/www.w3.org\/2000\/svg\" aria-hidden=\"true\" focusable=\"false\"><path d=\"M12,2C6.477,2,2,6.477,2,12c0,5.523,4.477,10,10,10c5.523,0,10-4.477,10-10C22,6.477,17.523,2,12,2 M16.586,16.424 c-0.18,0.295-0.563,0.387-0.857,0.207c-2.348-1.435-5.304-1.76-8.785-0.964c-0.335,0.077-0.67-0.133-0.746-0.469 c-0.077-0.335,0.132-0.67,0.469-0.746c3.809-0.871,7.077-0.496,9.713,1.115C16.673,15.746,16.766,16.13,16.586,16.424 M17.81,13.7 c-0.226,0.367-0.706,0.482-1.072,0.257c-2.687-1.652-6.785-2.131-9.965-1.166C6.36,12.917,5.925,12.684,5.8,12.273 C5.675,11.86,5.908,11.425,6.32,11.3c3.632-1.102,8.147-0.568,11.234,1.328C17.92,12.854,18.035,13.335,17.81,13.7 M17.915,10.865 c-3.223-1.914-8.54-2.09-11.618-1.156C5.804,9.859,5.281,9.58,5.131,9.086C4.982,8.591,5.26,8.069,5.755,7.919 c3.532-1.072,9.404-0.865,13.115,1.338c0.445,0.264,0.59,0.838,0.327,1.282C18.933,10.983,18.359,11.129,17.915,10.865\"><\/path><\/svg><span class=\"wp-block-social-link-label\">Spotify<\/span><\/a><\/li><\/ul>\n\n\n\n<div class=\"wp-block-group has-global-padding is-layout-constrained wp-block-group-is-layout-constrained\">\n<div class=\"wp-block-columns is-layout-flex wp-container-core-columns-is-layout-28f84493 wp-block-columns-is-layout-flex\">\n<div class=\"wp-block-column is-layout-flow wp-block-column-is-layout-flow\">\n<figure class=\"wp-block-embed aligncenter is-type-video is-provider-youtube wp-block-embed-youtube wp-embed-aspect-4-3 wp-has-aspect-ratio\"><div class=\"wp-block-embed__wrapper\">\n<iframe loading=\"lazy\" title=\"Nast\u0119pna kolejka\" width=\"950\" height=\"713\" src=\"https:\/\/www.youtube.com\/embed\/nL9ZQb773Ho?feature=oembed\" frameborder=\"0\" allow=\"accelerometer; autoplay; clipboard-write; encrypted-media; gyroscope; picture-in-picture; web-share\" referrerpolicy=\"strict-origin-when-cross-origin\" allowfullscreen><\/iframe>\n<\/div><\/figure>\n<\/div>\n\n\n\n<div class=\"wp-block-column is-layout-flow wp-block-column-is-layout-flow\">\n<figure class=\"wp-block-embed aligncenter is-type-video is-provider-youtube wp-block-embed-youtube wp-embed-aspect-4-3 wp-has-aspect-ratio\"><div class=\"wp-block-embed__wrapper\">\n<iframe loading=\"lazy\" title=\"Kiedy\u015b musi przej\u015b\u0107\" width=\"950\" height=\"713\" src=\"https:\/\/www.youtube.com\/embed\/Ltad3OCutn0?feature=oembed\" frameborder=\"0\" allow=\"accelerometer; autoplay; clipboard-write; encrypted-media; gyroscope; picture-in-picture; web-share\" referrerpolicy=\"strict-origin-when-cross-origin\" allowfullscreen><\/iframe>\n<\/div><\/figure>\n<\/div>\n\n\n\n<div class=\"wp-block-column is-layout-flow wp-block-column-is-layout-flow\">\n<figure class=\"wp-block-embed aligncenter is-type-video is-provider-youtube wp-block-embed-youtube wp-embed-aspect-4-3 wp-has-aspect-ratio\"><div class=\"wp-block-embed__wrapper\">\n<iframe loading=\"lazy\" title=\"Chocia\u017c Ty\" width=\"950\" height=\"713\" src=\"https:\/\/www.youtube.com\/embed\/53Bh7DhBCrg?feature=oembed\" frameborder=\"0\" allow=\"accelerometer; autoplay; clipboard-write; encrypted-media; gyroscope; picture-in-picture; web-share\" referrerpolicy=\"strict-origin-when-cross-origin\" allowfullscreen><\/iframe>\n<\/div><\/figure>\n<\/div>\n<\/div>\n<\/div>\n\n\n\n<div class=\"wp-block-cover alignfull has-parallax is-position-center-center wp-duotone-unset-4\" style=\"border-radius:0px\"><span aria-hidden=\"true\" class=\"wp-block-cover__background has-black-background-color has-background-dim-40 has-background-dim\"><\/span><div class=\"wp-block-cover__image-background wp-image-28 has-parallax\" style=\"background-position:50% 50%;background-image:url(http:\/\/emer-mgmt.com\/wp-content\/uploads\/2024\/01\/cropped-88EEF7CF-411F-4306-80D4-65C4418B34F0-1.jpg)\"><\/div><div class=\"wp-block-cover__inner-container is-layout-flow wp-block-cover-is-layout-flow\">\n<div class=\"wp-block-group has-global-padding is-layout-constrained wp-block-group-is-layout-constrained\">\n<h3 class=\"wp-block-heading has-text-align-center has-text-color has-medium-font-size\" style=\"color:#fffffa;text-transform:uppercase\">LET&#8217;S CONNECT!<\/h3>\n\n\n\n<p class=\"has-text-align-center\">Oferujemy pe\u0142ne wsparcie organizacyjne i elastyczno\u015b\u0107 dostosowania do Waszych potrzeb i wymaga\u0144 klient\u00f3w. <br>Pozw\u00f3lcie, \u017ce razem stworzymy niezapomniane wydarzenie. Gotowi do dzia\u0142ania czekamy na Wasze pytania i propozycje.<\/p>\n\n\n\n<div style=\"height:31px\" aria-hidden=\"true\" class=\"wp-block-spacer\"><\/div>\n\n\n\n<div class=\"wp-block-buttons is-horizontal is-content-justification-center is-layout-flex wp-container-core-buttons-is-layout-03627597 wp-block-buttons-is-layout-flex\">\n<div class=\"wp-block-button is-style-outline is-style-outline--3\"><a class=\"wp-block-button__link has-white-color has-text-color wp-element-button\" href=\"https:\/\/emer-mgmt.com\/index.php\/kontakt-2\/\" style=\"border-radius:0px\">CONTACT NOW<\/a><\/div>\n<\/div>\n<\/div>\n<\/div><\/div>\n","protected":false},"excerpt":{"rendered":"<p>Nostalgiczne brzmienia piosenek Marka Niedzielskiego wielokrotnie przynosi\u0142y ukojenie. W najnowszym singlu &#8220;Najlepszy start&#8221; wokalista zdecydowa\u0142 si\u0119 opowiedzie\u0107 pi\u0119kn\u0105 w swojej prostocie, ale poruszaj\u0105c\u0105 histori\u0119 mi\u0142o\u015bci i jej pocz\u0105tkach, w kt\u00f3rych mo\u017cna si\u0119 zanurza\u0107 bez ko\u0144ca. SPRAWD\u0179, CO NOWEGO U MARKA<\/p>\n","protected":false},"author":1,"featured_media":678,"parent":0,"menu_order":0,"comment_status":"closed","ping_status":"closed","template":"","meta":{"footnotes":""},"class_list":["post-654","page","type-page","status-publish","has-post-thumbnail","hentry"],"featured_media_urls":{"thumbnail":["https:\/\/emer-mgmt.com\/wp-content\/uploads\/2024\/07\/3000x3000-scaled-e1720434060226-150x150.jpg",150,150,true],"medium":["https:\/\/emer-mgmt.com\/wp-content\/uploads\/2024\/07\/3000x3000-scaled-e1720434060226-300x201.jpg",300,201,true],"medium_large":["https:\/\/emer-mgmt.com\/wp-content\/uploads\/2024\/07\/3000x3000-scaled-e1720434060226-768x515.jpg",768,515,true],"large":["https:\/\/emer-mgmt.com\/wp-content\/uploads\/2024\/07\/3000x3000-scaled-e1720434060226-1024x686.jpg",950,636,true],"1536x1536":["https:\/\/emer-mgmt.com\/wp-content\/uploads\/2024\/07\/3000x3000-scaled-e1720434060226-1536x1029.jpg",1536,1029,true],"2048x2048":["https:\/\/emer-mgmt.com\/wp-content\/uploads\/2024\/07\/3000x3000-scaled-e1720434060226-2048x1372.jpg",2048,1372,true],"inspiro-featured-image":["https:\/\/emer-mgmt.com\/wp-content\/uploads\/2024\/07\/3000x3000-scaled-e1720434060226-2000x1340.jpg",2000,1340,true],"inspiro-loop":["https:\/\/emer-mgmt.com\/wp-content\/uploads\/2024\/07\/3000x3000-scaled-e1720434060226-950x320.jpg",950,320,true],"inspiro-loop@2x":["https:\/\/emer-mgmt.com\/wp-content\/uploads\/2024\/07\/3000x3000-scaled-e1720434060226-1900x640.jpg",1900,640,true],"portfolio_item-thumbnail":["https:\/\/emer-mgmt.com\/wp-content\/uploads\/2024\/07\/3000x3000-scaled-e1720434060226-600x400.jpg",600,400,true],"portfolio_item-thumbnail@2x":["https:\/\/emer-mgmt.com\/wp-content\/uploads\/2024\/07\/3000x3000-scaled-e1720434060226-1200x800.jpg",1200,800,true],"portfolio_item-masonry":["https:\/\/emer-mgmt.com\/wp-content\/uploads\/2024\/07\/3000x3000-scaled-e1720434060226-600x402.jpg",600,402,true],"portfolio_item-masonry@2x":["https:\/\/emer-mgmt.com\/wp-content\/uploads\/2024\/07\/3000x3000-scaled-e1720434060226-1200x804.jpg",1200,804,true],"portfolio_item-thumbnail_cinema":["https:\/\/emer-mgmt.com\/wp-content\/uploads\/2024\/07\/3000x3000-scaled-e1720434060226-800x335.jpg",800,335,true],"portfolio_item-thumbnail_portrait":["https:\/\/emer-mgmt.com\/wp-content\/uploads\/2024\/07\/3000x3000-scaled-e1720434060226-600x900.jpg",600,900,true],"portfolio_item-thumbnail_portrait@2x":["https:\/\/emer-mgmt.com\/wp-content\/uploads\/2024\/07\/3000x3000-scaled-e1720434060226-1200x1715.jpg",1200,1715,true],"portfolio_item-thumbnail_square":["https:\/\/emer-mgmt.com\/wp-content\/uploads\/2024\/07\/3000x3000-scaled-e1720434060226-800x800.jpg",800,800,true]},"_links":{"self":[{"href":"https:\/\/emer-mgmt.com\/index.php\/wp-json\/wp\/v2\/pages\/654","targetHints":{"allow":["GET"]}}],"collection":[{"href":"https:\/\/emer-mgmt.com\/index.php\/wp-json\/wp\/v2\/pages"}],"about":[{"href":"https:\/\/emer-mgmt.com\/index.php\/wp-json\/wp\/v2\/types\/page"}],"author":[{"embeddable":true,"href":"https:\/\/emer-mgmt.com\/index.php\/wp-json\/wp\/v2\/users\/1"}],"replies":[{"embeddable":true,"href":"https:\/\/emer-mgmt.com\/index.php\/wp-json\/wp\/v2\/comments?post=654"}],"version-history":[{"count":8,"href":"https:\/\/emer-mgmt.com\/index.php\/wp-json\/wp\/v2\/pages\/654\/revisions"}],"predecessor-version":[{"id":683,"href":"https:\/\/emer-mgmt.com\/index.php\/wp-json\/wp\/v2\/pages\/654\/revisions\/683"}],"wp:featuredmedia":[{"embeddable":true,"href":"https:\/\/emer-mgmt.com\/index.php\/wp-json\/wp\/v2\/media\/678"}],"wp:attachment":[{"href":"https:\/\/emer-mgmt.com\/index.php\/wp-json\/wp\/v2\/media?parent=654"}],"curies":[{"name":"wp","href":"https:\/\/api.w.org\/{rel}","templated":true}]}}