{"id":78,"date":"2024-01-16T10:05:36","date_gmt":"2024-01-16T10:05:36","guid":{"rendered":"https:\/\/emer-mgmt.com\/?page_id=78"},"modified":"2024-01-22T11:00:39","modified_gmt":"2024-01-22T11:00:39","slug":"o-nas-2","status":"publish","type":"page","link":"https:\/\/emer-mgmt.com\/index.php\/o-nas-2\/","title":{"rendered":"O Nas"},"content":{"rendered":"\n<div class=\"wp-block-columns is-layout-flex wp-container-core-columns-is-layout-28f84493 wp-block-columns-is-layout-flex\">\n<div class=\"wp-block-column is-vertically-aligned-center is-layout-flow wp-block-column-is-layout-flow\" style=\"flex-basis:66.66%\">\n<h2 class=\"wp-block-heading\">Emer Management<\/h2>\n\n\n\n<p>Zajmujemy si\u0119 bookingiem koncert\u00f3w i \u015bcis\u0142\u0105 wsp\u00f3\u0142prac\u0105 z artystami. <\/p>\n<\/div>\n\n\n\n<div class=\"wp-block-column is-layout-flow wp-block-column-is-layout-flow\" style=\"flex-basis:33.33%\">\n<figure class=\"wp-block-image size-full is-resized\"><img decoding=\"async\" src=\"http:\/\/emer-mgmt.com\/wp-content\/uploads\/2024\/01\/Emer-2.png\" alt=\"\" class=\"wp-image-421\" style=\"width:208px;height:auto\"\/><\/figure>\n<\/div>\n<\/div>\n\n\n\n<div class=\"wp-block-columns are-vertically-aligned-center is-layout-flex wp-container-core-columns-is-layout-28f84493 wp-block-columns-is-layout-flex\">\n<div class=\"wp-block-column is-vertically-aligned-center is-layout-flow wp-block-column-is-layout-flow\" style=\"flex-basis:100%\">\n<div class=\"wp-block-group has-text-color has-link-color wp-elements-7a042759d7700b76ad6a155fdbcb346a has-global-padding is-layout-constrained wp-block-group-is-layout-constrained\" style=\"color:#000000\"><\/div>\n<\/div>\n<\/div>\n","protected":false},"excerpt":{"rendered":"<p>Emer Management Zajmujemy si\u0119 bookingiem koncert\u00f3w i \u015bcis\u0142\u0105 wsp\u00f3\u0142prac\u0105 z artystami.<\/p>\n","protected":false},"author":1,"featured_media":0,"parent":0,"menu_order":0,"comment_status":"closed","ping_status":"closed","template":"","meta":{"footnotes":""},"class_list":["post-78","page","type-page","status-publish","hentry"],"featured_media_urls":[],"_links":{"self":[{"href":"https:\/\/emer-mgmt.com\/index.php\/wp-json\/wp\/v2\/pages\/78","targetHints":{"allow":["GET"]}}],"collection":[{"href":"https:\/\/emer-mgmt.com\/index.php\/wp-json\/wp\/v2\/pages"}],"about":[{"href":"https:\/\/emer-mgmt.com\/index.php\/wp-json\/wp\/v2\/types\/page"}],"author":[{"embeddable":true,"href":"https:\/\/emer-mgmt.com\/index.php\/wp-json\/wp\/v2\/users\/1"}],"replies":[{"embeddable":true,"href":"https:\/\/emer-mgmt.com\/index.php\/wp-json\/wp\/v2\/comments?post=78"}],"version-history":[{"count":8,"href":"https:\/\/emer-mgmt.com\/index.php\/wp-json\/wp\/v2\/pages\/78\/revisions"}],"predecessor-version":[{"id":423,"href":"https:\/\/emer-mgmt.com\/index.php\/wp-json\/wp\/v2\/pages\/78\/revisions\/423"}],"wp:attachment":[{"href":"https:\/\/emer-mgmt.com\/index.php\/wp-json\/wp\/v2\/media?parent=78"}],"curies":[{"name":"wp","href":"https:\/\/api.w.org\/{rel}","templated":true}]}}